{"id":28,"date":"2020-07-22T09:55:25","date_gmt":"2020-07-22T09:55:25","guid":{"rendered":"https:\/\/demo.cmssuperheroes.com\/themeforest\/kindori\/?page_id=28"},"modified":"2026-03-12T07:02:15","modified_gmt":"2026-03-12T07:02:15","slug":"certification","status":"publish","type":"page","link":"https:\/\/www.hurralingo.com\/az\/certification\/","title":{"rendered":"Sertifikatla\u015fd\u0131rma"},"content":{"rendered":"\t\t<div data-elementor-type=\"wp-page\" data-elementor-id=\"28\" class=\"elementor elementor-28\">\n\t\t\t\t\t\t<section class=\"elementor-section elementor-top-section elementor-element elementor-element-28504ad elementor-section-boxed elementor-section-height-default elementor-section-height-default\" data-id=\"28504ad\" data-element_type=\"section\">\r\n\t\t\t\t\t\t<div class=\"elementor-container elementor-column-gap-extended \" >\r\n\t\t\t        <div class=\"elementor-column elementor-col-100 elementor-top-column elementor-element elementor-element-23c84d0\" data-id=\"23c84d0\" data-element_type=\"column\">\r\n            <div class=\"elementor-widget-wrap elementor-element-populated\">\r\n                \t\t<div class=\"elementor-element elementor-element-4280add elementor-widget elementor-widget-cms_accordion\" data-id=\"4280add\" data-element_type=\"widget\" data-widget_type=\"cms_accordion.default\">\n\t\t\t\t<div class=\"elementor-widget-container\">\n\t\t\t\t\t    <div id=\"cms_accordion-4280add\" class=\"cms-accordion layout2\">\r\n                    <div class=\"cms-accordion-item wow fadeInUp active\">\r\n                <div class=\"cms-ac-title active\" data-target=\"#d765ff6cms_accordion-4280add\">\r\n                    <a class=\"cms-ac-title-text\">T\u0259l\u0259b\u0259 izl\u0259m\u0259 sistemi<\/a>\r\n                <\/div>\r\n                <div id=\"d765ff6cms_accordion-4280add\" class=\"cms-ac-content\" style=\"display:block;\">Hurra Lingo-da \u00f6vlad\u0131n\u0131z\u0131n dil \u00f6yr\u0259nm\u0259 yolunun h\u0259r m\u0259rh\u0259l\u0259sini diqq\u0259tl\u0259 izl\u0259yirik. H\u0259r ya\u015f qrupu v\u0259 f\u0259rdi ehtiyaclara uy\u011fun olaraq akademik, sosial v\u0259 emosional sah\u0259l\u0259rd\u0259 inki\u015faf\u0131 izl\u0259yir v\u0259 hesabat t\u0259qdim edirik.<br \/>\n<br \/>\nValideynl\u0259r\u0259 h\u0259r m\u00f6vzu v\u0259 teman\u0131n \u00f6vladlar\u0131n\u0131n dil inki\u015faf\u0131na v\u0259 \u00fcmumi \u00f6yr\u0259nm\u0259 n\u0259tic\u0259l\u0259rin\u0259 nec\u0259 t\u00f6hf\u0259 verdiyi bar\u0259d\u0259 m\u00fcnt\u0259z\u0259m m\u0259lumat t\u0259qdim edirik. H\u0259r \u00fczvl\u00fck plan\u0131n\u0131n sonunda \u0259ld\u0259 olunan nailiyy\u0259tl\u0259ri g\u00f6st\u0259r\u0259n v\u0259 n\u00f6vb\u0259ti m\u0259rh\u0259l\u0259 \u00fc\u00e7\u00fcn yol x\u0259rit\u0259sini t\u0259qdim ed\u0259n \u0259trafl\u0131 \u201cT\u0259l\u0259b\u0259 \u0130nki\u015faf Hesabat\u0131\u201d t\u0259qdim olunur.<br \/>\n<br \/>\n\u00d6vlad\u0131n\u0131z\u0131n bacar\u0131qlar\u0131 haqq\u0131nda davaml\u0131 m\u0259lumat ax\u0131n\u0131 t\u0259min ed\u0259r\u0259k t\u0259l\u0259b\u0259l\u0259rin motivasiyas\u0131n\u0131 y\u00fcks\u0259k s\u0259viyy\u0259d\u0259 saxlay\u0131r v\u0259 ail\u0259l\u0259rimizl\u0259 g\u00fccl\u00fc, \u0259m\u0259kda\u015fl\u0131\u011fa \u0259saslanan bir t\u0259r\u0259fda\u015fl\u0131q qururuq.<\/div>\r\n            <\/div>\r\n                    <div class=\"cms-accordion-item wow fadeInUp \">\r\n                <div class=\"cms-ac-title \" data-target=\"#ab02087cms_accordion-4280add\">\r\n                    <a class=\"cms-ac-title-text\">\u00d6z\u00fcn\u00fc qiym\u0259tl\u0259ndirm\u0259 modeli<\/a>\r\n                <\/div>\r\n                <div id=\"ab02087cms_accordion-4280add\" class=\"cms-ac-content\">T\u0259l\u0259b\u0259l\u0259rin n\u0259 \u00f6yr\u0259ndikl\u0259rini v\u0259 nec\u0259 \u00f6yr\u0259ndikl\u0259rini anlamalar\u0131n\u0131 t\u0259min etm\u0259k davaml\u0131 u\u011furun v\u0259 y\u00fcks\u0259k motivasiyan\u0131n \u0259sas a\u00e7ar\u0131d\u0131r. \u00d6z\u00fcn\u00fc qiym\u0259tl\u0259ndirm\u0259 modelimiz t\u0259l\u0259b\u0259l\u0259r\u0259 h\u0259r d\u0259rs zaman\u0131 \u00f6z inki\u015faflar\u0131n\u0131 m\u00fc\u015fahid\u0259 etm\u0259k \u00fc\u00e7\u00fcn unikal bir imkan yarad\u0131r. \u0130nki\u015faflar\u0131n\u0131 d\u0259y\u0259rl\u0259ndir\u0259r\u0259k t\u0259l\u0259b\u0259l\u0259rimiz \u00f6z g\u00fccl\u00fc t\u0259r\u0259fl\u0259rini k\u0259\u015ff edir v\u0259 \u00f6z \u00f6yr\u0259nm\u0259 prosesl\u0259rinin aktiv i\u015ftirak\u00e7\u0131lar\u0131na \u00e7evrilirl\u0259r. Qiym\u0259tl\u0259ndirm\u0259y\u0259 bu d\u00fc\u015f\u00fcnc\u0259li yana\u015fma daha \u015f\u00fcurlu, \u00f6z\u00fcn\u0259 inaml\u0131 v\u0259 motivasiyal\u0131 dil \u00f6yr\u0259n\u0259nl\u0259r formala\u015fd\u0131r\u0131r.<br \/>\n<br \/>\nHurra Lingo \u2014 Dil t\u0259hsili, \u0259yl\u0259nc\u0259li \u015f\u0259kild\u0259!<\/div>\r\n            <\/div>\r\n                    <div class=\"cms-accordion-item wow fadeInUp \">\r\n                <div class=\"cms-ac-title \" data-target=\"#93486f1cms_accordion-4280add\">\r\n                    <a class=\"cms-ac-title-text\">Sertifikat il\u0259 \u00f6yr\u0259nm\u0259 yolunu tamamlamaq<\/a>\r\n                <\/div>\r\n                <div id=\"93486f1cms_accordion-4280add\" class=\"cms-ac-content\">Hurra Lingo-da proqramlar\u0131m\u0131z\u0131 u\u011furla tamamlayan t\u0259l\u0259b\u0259l\u0259r Ankara Universiteti il\u0259 n\u00fcfuzlu \u0259m\u0259kda\u015fl\u0131q \u00e7\u0259r\u00e7iv\u0259sind\u0259 t\u0259qdim olunan \u0130ngilis dili biliyi sertifikat\u0131 \u0259ld\u0259 edirl\u0259r. Dill\u0259r \u00fc\u00e7\u00fcn \u00dcmumi Avropa \u00c7\u0259r\u00e7iv\u0259si (CEFR) standartlar\u0131na tam uy\u011fun olan bu r\u0259smi s\u0259n\u0259d \u00f6vlad\u0131n\u0131z\u0131n dil bacar\u0131qlar\u0131n\u0131 beyn\u0259lxalq s\u0259viyy\u0259d\u0259 t\u0259sdiql\u0259yir. Bu sertifikat akademik qiym\u0259tl\u0259ndirm\u0259l\u0259r, m\u0259kt\u0259b q\u0259bulu v\u0259 d\u00fcnya \u00fczr\u0259 universitet m\u00fcraci\u0259tl\u0259ri \u00fc\u00e7\u00fcn etibarl\u0131 v\u0259 n\u00fcfuzlu bir istinad s\u0259n\u0259di kimi xidm\u0259t edir. Sad\u0259c\u0259 bir dil \u00f6yr\u0259nm\u0259kd\u0259n daha art\u0131q olaraq, t\u0259l\u0259b\u0259l\u0259rimiz \u00f6z dil s\u0259lislikl\u0259rini s\u0259n\u0259dl\u0259\u015fdirilmi\u015f akademik bir m\u0259rh\u0259l\u0259y\u0259 \u00e7evirir v\u0259 g\u0259l\u0259c\u0259k t\u0259hsil v\u0259 karyera yollar\u0131 \u00fc\u00e7\u00fcn g\u00fccl\u00fc v\u0259 tan\u0131nm\u0131\u015f bir t\u0259m\u0259l qazan\u0131rlar.<\/div>\r\n            <\/div>\r\n            <\/div>\r\n\t\t\t\t<\/div>\n\t\t\t\t<\/div>\n\t\t\t\t<div class=\"elementor-element elementor-element-b9f977d elementor-widget elementor-widget-text-editor\" data-id=\"b9f977d\" data-element_type=\"widget\" data-widget_type=\"text-editor.default\">\n\t\t\t\t<div class=\"elementor-widget-container\">\n\t\t\t\t\t\t\t\t\t<p><a href=\"https:\/\/www.hurralingo.com\/wp-content\/uploads\/2025\/12\/Ingilizce-Sertifika-Programlari-veli-bilgilendirme-metni-2025-v4-1-1.pdf\"><strong>Sertifikat proqram\u0131, imtahan prosesi v\u0259 \u00f6yr\u0259nm\u0259 n\u0259tic\u0259l\u0259ri haqq\u0131nda \u0259trafl\u0131 m\u0259lumat \u0259ld\u0259 etm\u0259k \u00fc\u00e7\u00fcn m\u0259lumat PDF fayl\u0131n\u0131 y\u00fckl\u0259y\u0259 bil\u0259rsiniz.<\/strong><\/a><\/p><div class=\"flex flex-col text-sm pb-25\"><article class=\"text-token-text-primary w-full focus:outline-none [--shadow-height:45px] has-data-writing-block:pointer-events-none has-data-writing-block:-mt-(--shadow-height) has-data-writing-block:pt-(--shadow-height) [&amp;:has([data-writing-block])&gt;*]:pointer-events-auto scroll-mt-[calc(var(--header-height)+min(200px,max(70px,20svh)))]\" dir=\"auto\" tabindex=\"-1\" data-turn-id=\"request-WEB:7ed09fda-05a3-4bf6-91d1-56d842b3b57a-35\" data-testid=\"conversation-turn-72\" data-scroll-anchor=\"true\" data-turn=\"assistant\"><div class=\"text-base my-auto mx-auto pb-10 [--thread-content-margin:var(--thread-content-margin-xs,calc(var(--spacing)*4))] @w-sm\/main:[--thread-content-margin:var(--thread-content-margin-sm,calc(var(--spacing)*6))] @w-lg\/main:[--thread-content-margin:var(--thread-content-margin-lg,calc(var(--spacing)*16))] px-(--thread-content-margin)\"><div class=\"[--thread-content-max-width:40rem] @w-lg\/main:[--thread-content-max-width:48rem] mx-auto max-w-(--thread-content-max-width) flex-1 group\/turn-messages focus-visible:outline-hidden relative flex w-full min-w-0 flex-col agent-turn\" tabindex=\"-1\"><div class=\"z-0 flex min-h-[46px] justify-start\">\u00a0<\/div><div class=\"mt-3 w-full empty:hidden\"><div class=\"text-center\">\u00a0<\/div><\/div><\/div><\/div><\/article><\/div><div class=\"pointer-events-none h-px w-px absolute bottom-0\" aria-hidden=\"true\" data-edge=\"true\">\u00a0<\/div>\t\t\t\t\t\t\t\t<\/div>\n\t\t\t\t<\/div>\n\t\t            <\/div>\r\n        <\/div>\r\n        \t\t\t<\/div>\r\n\t\t<\/section>\r\n\t\t\t\t<section class=\"elementor-section elementor-top-section elementor-element elementor-element-6911327 elementor-section-stretched elementor-section-boxed elementor-section-height-default elementor-section-height-default\" data-id=\"6911327\" data-element_type=\"section\" data-settings=\"{&quot;stretch_section&quot;:&quot;section-stretched&quot;,&quot;background_background&quot;:&quot;classic&quot;}\">\r\n\t\t\t\t\t\t<div class=\"elementor-container elementor-column-gap-default \" >\r\n\t\t\t        <div class=\"elementor-column elementor-col-100 elementor-top-column elementor-element elementor-element-5820255\" data-id=\"5820255\" data-element_type=\"column\">\r\n            <div class=\"elementor-widget-wrap elementor-element-populated\">\r\n                \t\t<div class=\"elementor-element elementor-element-cff5a0f elementor-widget elementor-widget-cms_heading\" data-id=\"cff5a0f\" data-element_type=\"widget\" data-widget_type=\"cms_heading.default\">\n\t\t\t\t<div class=\"elementor-widget-container\">\n\t\t\t\t\t<div class=\"cms-heading-wrapper cms-heading-layout1 wow pulse\">\r\n            <div class=\"custom-subheading\">\u0130NG\u0130L\u0130S dili sertifikatlar\u0131<\/div>\r\n    \r\n            <h3 class=\"custom-heading\">\r\n            <span                 >\r\n                Hurra Lingo-da<\/span>\r\n        <\/h3>\r\n        \r\n    <\/div>\t\t\t\t<\/div>\n\t\t\t\t<\/div>\n\t\t\t\t<div class=\"elementor-element elementor-element-55ff11c elementor-widget elementor-widget-cms_image_single\" data-id=\"55ff11c\" data-element_type=\"widget\" data-widget_type=\"cms_image_single.default\">\n\t\t\t\t<div class=\"elementor-widget-container\">\n\t\t\t\t\t<div class=\"cms-image-single animation-none wow flash\">\r\n            <div class=\"cms-img-box\">\r\n                            <img decoding=\"async\" width=\"99\" height=\"23\" src=\"https:\/\/www.hurralingo.com\/az\/wp-content\/uploads\/2020\/08\/image-bee.png\" class=\"attachment-full size-full wp-image-849\" alt=\"Kindoriarisi\" \/>                    <\/div>\r\n    <\/div>\t\t\t\t<\/div>\n\t\t\t\t<\/div>\n\t\t\t\t<section class=\"elementor-section elementor-inner-section elementor-element elementor-element-c64c24e elementor-section-boxed elementor-section-height-default elementor-section-height-default\" data-id=\"c64c24e\" data-element_type=\"section\">\r\n\t\t\t\t\t\t<div class=\"elementor-container elementor-column-gap-extended \" >\r\n\t\t\t        <div class=\"elementor-column elementor-col-33 elementor-inner-column elementor-element elementor-element-5bcdfa6\" data-id=\"5bcdfa6\" data-element_type=\"column\">\r\n            <div class=\"elementor-widget-wrap elementor-element-populated\">\r\n                \t\t<div class=\"elementor-element elementor-element-0d589a3 elementor-widget elementor-widget-cms_fancy_box\" data-id=\"0d589a3\" data-element_type=\"widget\" data-widget_type=\"cms_fancy_box.default\">\n\t\t\t\t<div class=\"elementor-widget-container\">\n\t\t\t\t\t<div class=\"cms-fancy-box layout1 \">\r\n    <div class=\"inner-content\">\r\n                            <div class=\"item--icon icon-image\">\r\n                <div class=\"inner-icon\">\r\n                    <img fetchpriority=\"high\" decoding=\"async\" width=\"1080\" height=\"1080\" src=\"https:\/\/www.hurralingo.com\/az\/wp-content\/uploads\/2025\/04\/WEB1.png\" class=\"attachment-full\" alt=\"a1b1c1\" \/>                <\/div>\r\n            <\/div>\r\n        \r\n                    <h3 class=\"item--title\">\r\n                Beyn\u0259lxalq Dil Sertifikat\u0131            <\/h3>\r\n                            <div class=\"item--description\">\r\n                T\u0259dris proqram\u0131m\u0131z ba\u015flan\u011f\u0131c v\u0259 orta s\u0259viyy\u0259l\u0259ri (A1-d\u0259n B1.2-y\u0259 q\u0259d\u0259r) \u0259hat\u0259 edir v\u0259 beyn\u0259lxalq CEFR \u00e7\u0259r\u00e7iv\u0259sin\u0259 tam uy\u011fun haz\u0131rlanm\u0131\u015fd\u0131r. Davaml\u0131 inki\u015faf\u0131 t\u0259min etm\u0259k \u00fc\u00e7\u00fcn pe\u015f\u0259kar m\u00fc\u0259lliml\u0259rimiz \u00f6vlad\u0131n\u0131z\u0131n \u00f6yr\u0259nm\u0259 prosesinin h\u0259r m\u0259rh\u0259l\u0259sind\u0259 davaml\u0131 izl\u0259m\u0259 v\u0259 f\u0259rdi r\u0259y t\u0259qdim edirl\u0259r.\n\nUstal\u0131\u011fa y\u00f6n\u0259ldilmi\u015f \u015f\u0259kild\u0259 haz\u0131rlanm\u0131\u015fd\u0131r. Proqramlar\u0131m\u0131z v\u0259 d\u00fcnya s\u0259viyy\u0259li m\u00fc\u0259lliml\u0259rimiz t\u0259l\u0259b\u0259l\u0259ri dil s\u0259lisliyin\u0259 aparan t\u0259bii v\u0259 m\u0259rh\u0259l\u0259li bir \u00f6yr\u0259nm\u0259 yolu il\u0259 istiqam\u0259tl\u0259ndirir. Biz real h\u0259yat bacar\u0131qlar\u0131n\u0131n formala\u015fd\u0131r\u0131lmas\u0131na diqq\u0259t yetiririk v\u0259 t\u0259l\u0259b\u0259l\u0259ri yeni dili inamla istifad\u0259 etm\u0259y\u0259 haz\u0131rlay\u0131r\u0131q.\n\nU\u011furlar\u0131n\u0131 r\u0259smi tan\u0131nma il\u0259 qeyd edin. Sertifikat \u0259ld\u0259 etm\u0259k \u00fc\u00e7\u00fcn t\u0259l\u0259b\u0259l\u0259r h\u0259m \u00e7\u0259tin, h\u0259m d\u0259 motivasiyaedici olmas\u0131 \u00fc\u00e7\u00fcn m\u00fct\u0259x\u0259ssisl\u0259r t\u0259r\u0259find\u0259n haz\u0131rlanm\u0131\u015f interaktiv onlayn imtahanlarda i\u015ftirak edirl\u0259r. Ya\u015fa uy\u011fun qiym\u0259tl\u0259ndirm\u0259l\u0259rimiz 4 ya\u015fdan yuxar\u0131 b\u00fct\u00fcn t\u0259l\u0259b\u0259l\u0259r \u00fc\u00e7\u00fcn a\u00e7\u0131qd\u0131r v\u0259 h\u0259r bir inki\u015faf m\u0259rh\u0259l\u0259sinin s\u0259n\u0259dl\u0259\u015fdirilm\u0259sini t\u0259min edir.\n\nH\u0259rt\u0259r\u0259fli 4 bacar\u0131q \u00fczr\u0259 qiym\u0259tl\u0259ndirm\u0259. \u018fn ki\u00e7ik t\u0259l\u0259b\u0259l\u0259rimiz (4\u20135 ya\u015f) \u00fc\u00e7\u00fcn \u0259sas diqq\u0259t dinl\u0259m\u0259 v\u0259 dan\u0131\u015f\u0131q bacar\u0131qlar\u0131na y\u00f6n\u0259ldilir. T\u0259l\u0259b\u0259l\u0259r b\u00f6y\u00fcd\u00fckc\u0259 (6 ya\u015f v\u0259 yuxar\u0131), qiym\u0259tl\u0259ndirm\u0259l\u0259rimiz dil bacar\u0131qlar\u0131n\u0131n b\u00fct\u00fcn sah\u0259l\u0259rini \u2014 oxu, yaz\u0131, dinl\u0259m\u0259 v\u0259 dan\u0131\u015f\u0131\u011f\u0131 \u0259hat\u0259 edir.            <\/div>\r\n                    <\/div>\r\n<\/div>\t\t\t\t<\/div>\n\t\t\t\t<\/div>\n\t\t            <\/div>\r\n        <\/div>\r\n                <div class=\"elementor-column elementor-col-33 elementor-inner-column elementor-element elementor-element-ba90aee\" data-id=\"ba90aee\" data-element_type=\"column\">\r\n            <div class=\"elementor-widget-wrap elementor-element-populated\">\r\n                \t\t<div class=\"elementor-element elementor-element-233893d elementor-widget elementor-widget-cms_fancy_box\" data-id=\"233893d\" data-element_type=\"widget\" data-widget_type=\"cms_fancy_box.default\">\n\t\t\t\t<div class=\"elementor-widget-container\">\n\t\t\t\t\t<div class=\"cms-fancy-box layout1 \">\r\n    <div class=\"inner-content\">\r\n                            <div class=\"item--icon icon-image\">\r\n                <div class=\"inner-icon\">\r\n                    <img decoding=\"async\" width=\"1080\" height=\"1080\" src=\"https:\/\/www.hurralingo.com\/az\/wp-content\/uploads\/2025\/04\/WEB3-1.png\" class=\"attachment-full\" alt=\"ankara \u00fcniversitesi\" \/>                <\/div>\r\n            <\/div>\r\n        \r\n                    <h3 class=\"item--title\">\r\n                Ankara Universiteti il\u0259 akademik t\u0259r\u0259fda\u015fl\u0131q            <\/h3>\r\n                            <div class=\"item--description\">\r\n                \u00d6vlad\u0131n\u0131za beyn\u0259lxalq \u00fcst\u00fcnl\u00fck qazand\u0131rmaq ist\u0259yirsiniz? Onun g\u0259l\u0259c\u0259yini r\u0259smi olaraq tan\u0131nan dil biliyi sertifikat\u0131 il\u0259 t\u0259min edin.\n\nAnkara Universiteti il\u0259 n\u00fcfuzlu \u0259m\u0259kda\u015fl\u0131q \u00e7\u0259r\u00e7iv\u0259sind\u0259 Hurra Lingo t\u0259l\u0259b\u0259l\u0259r\u0259 d\u00fcnya \u00fczr\u0259 yeni imkanlar\u0131n qap\u0131lar\u0131n\u0131 a\u00e7an r\u0259smi \u0130ngilis dili biliyi sertifikat\u0131 \u0259ld\u0259 etm\u0259k imkan\u0131 yarad\u0131r.\n\n\u00d6lk\u0259 \u00fczr\u0259 apar\u0131c\u0131 qurumlar t\u0259r\u0259find\u0259n tan\u0131nan sertifikatlar\u0131m\u0131z beyn\u0259lxalq proqramlar \u00fc\u00e7\u00fcn etibarl\u0131 bir g\u00f6st\u0259rici t\u0259qdim edir. Art\u0131q \u00f6vlad\u0131n\u0131z dil bacar\u0131qlar\u0131n\u0131 qlobal s\u0259viyy\u0259d\u0259 r\u0259smi \u015f\u0259kild\u0259 n\u00fcmayi\u015f etdir\u0259 bil\u0259r.            <\/div>\r\n                    <\/div>\r\n<\/div>\t\t\t\t<\/div>\n\t\t\t\t<\/div>\n\t\t            <\/div>\r\n        <\/div>\r\n                <div class=\"elementor-column elementor-col-33 elementor-inner-column elementor-element elementor-element-c86badd\" data-id=\"c86badd\" data-element_type=\"column\">\r\n            <div class=\"elementor-widget-wrap elementor-element-populated\">\r\n                \t\t<div class=\"elementor-element elementor-element-aba62b1 elementor-widget elementor-widget-cms_fancy_box\" data-id=\"aba62b1\" data-element_type=\"widget\" data-widget_type=\"cms_fancy_box.default\">\n\t\t\t\t<div class=\"elementor-widget-container\">\n\t\t\t\t\t<div class=\"cms-fancy-box layout1 \">\r\n    <div class=\"inner-content\">\r\n                            <div class=\"item--icon icon-image\">\r\n                <div class=\"inner-icon\">\r\n                    <img loading=\"lazy\" decoding=\"async\" width=\"1080\" height=\"1080\" src=\"https:\/\/www.hurralingo.com\/az\/wp-content\/uploads\/2025\/04\/WEB2.png\" class=\"attachment-full\" alt=\"cefr\" \/>                <\/div>\r\n            <\/div>\r\n        \r\n                    <h3 class=\"item--title\">\r\n                Beyn\u0259lxalq s\u0259viyy\u0259d\u0259 akkredit\u0259 olunmu\u015f v\u0259 CEFR standartlar\u0131na uy\u011fun            <\/h3>\r\n                            <div class=\"item--description\">\r\n                Qlobal s\u0259viyy\u0259d\u0259 tan\u0131nan, akademik olaraq s\u00fcbut edilmi\u015fdir. Dil biliyi sertifikatlar\u0131m\u0131z Avropa \u015euras\u0131n\u0131n CEFR \u00e7\u0259r\u00e7iv\u0259sin\u0259 tam uy\u011fun olaraq n\u00fcfuzlu beyn\u0259lxalq akkreditasiyaya malikdir. Bu, \u00f6vlad\u0131n\u0131z\u0131n nailiyy\u0259tl\u0259rinin d\u00fcnya \u00fczr\u0259 d\u0259y\u0259rli v\u0259 tan\u0131nm\u0131\u015f olmas\u0131n\u0131 t\u0259min edir.\n\nQiym\u0259tl\u0259ndirm\u0259d\u0259 m\u00fck\u0259mm\u0259llik. Metodologiya v\u0259 inki\u015faf bax\u0131m\u0131ndan sertifikatla\u015fd\u0131rma prosesimiz Avropada Dil Test\u00e7il\u0259ri Assosiasiyas\u0131n\u0131n (ALTE) m\u00fc\u0259yy\u0259n etdiyi ciddi standartlara uy\u011fundur. Biz \u0259n y\u00fcks\u0259k t\u0259hsil keyfiyy\u0259ti standartlar\u0131na cavab ver\u0259n pe\u015f\u0259kar bir qiym\u0259tl\u0259ndirm\u0259 meyar\u0131 t\u0259qdim edirik.            <\/div>\r\n                    <\/div>\r\n<\/div>\t\t\t\t<\/div>\n\t\t\t\t<\/div>\n\t\t            <\/div>\r\n        <\/div>\r\n        \t\t\t<\/div>\r\n\t\t<\/section>\r\n\t\t            <\/div>\r\n        <\/div>\r\n        \t\t\t<\/div>\r\n\t\t<\/section>\r\n\t\t\t\t<section class=\"elementor-section elementor-top-section elementor-element elementor-element-1b31df19 elementor-section-stretched bg-four elementor-section-boxed elementor-section-height-default elementor-section-height-default\" data-id=\"1b31df19\" data-element_type=\"section\" data-settings=\"{&quot;stretch_section&quot;:&quot;section-stretched&quot;,&quot;background_background&quot;:&quot;classic&quot;}\">\r\n\t\t\t\t\t\t<div class=\"elementor-container elementor-column-gap-default \" >\r\n\t\t\t        <div class=\"elementor-column elementor-col-100 elementor-top-column elementor-element elementor-element-51cb5b34\" data-id=\"51cb5b34\" data-element_type=\"column\">\r\n            <div class=\"elementor-widget-wrap elementor-element-populated\">\r\n                \t\t<div class=\"elementor-element elementor-element-f7115e2 elementor-widget elementor-widget-cms_cta\" data-id=\"f7115e2\" data-element_type=\"widget\" data-widget_type=\"cms_cta.default\">\n\t\t\t\t<div class=\"elementor-widget-container\">\n\t\t\t\t\t<div class=\"cms-cta layout1 \">\r\n    <div class=\"inner-cms-cta\">\r\n        <div class=\"col-content\">\r\n                            <h3 class=\"item--title\">\r\n                    \u0130mtahanlara qeydiyyatdan ke\u00e7in                <\/h3>\r\n                                <\/div>\r\n                    <div class=\"item--button\">\r\n                <a class=\"btn-cta btn-white hv-extra shadow-off\" href=\"https:\/\/www.hurralingo.com\/contact\/\" target=\"_blank\">\r\n                    <span>BURAYA KLIK EDIN<\/span>\r\n                <\/a>\r\n            <\/div>\r\n            <\/div>\r\n<\/div>\r\n\t\t\t\t<\/div>\n\t\t\t\t<\/div>\n\t\t            <\/div>\r\n        <\/div>\r\n        \t\t\t<\/div>\r\n\t\t<\/section>\r\n\t\t\t\t<\/div>\n\t\t","protected":false},"excerpt":{"rendered":"<p>T\u0259l\u0259b\u0259 izl\u0259m\u0259 sistemi Hurra Lingo-da \u00f6vlad\u0131n\u0131z\u0131n dil \u00f6yr\u0259nm\u0259 yolunun h\u0259r m\u0259rh\u0259l\u0259sini diqq\u0259tl\u0259 izl\u0259yirik. H\u0259r ya\u015f qrupu v\u0259 f\u0259rdi ehtiyaclara uy\u011fun olaraq akademik, sosial v\u0259 emosional sah\u0259l\u0259rd\u0259 inki\u015faf\u0131 izl\u0259yir v\u0259 hesabat t\u0259qdim edirik. Valideynl\u0259r\u0259 h\u0259r m\u00f6vzu v\u0259 teman\u0131n \u00f6vladlar\u0131n\u0131n dil inki\u015faf\u0131na v\u0259 \u00fcmumi \u00f6yr\u0259nm\u0259 n\u0259tic\u0259l\u0259rin\u0259 nec\u0259 t\u00f6hf\u0259 verdiyi bar\u0259d\u0259 m\u00fcnt\u0259z\u0259m m\u0259lumat t\u0259qdim edirik. H\u0259r \u00fczvl\u00fck plan\u0131n\u0131n [&hellip;]<\/p>\n","protected":false},"author":1,"featured_media":0,"parent":0,"menu_order":0,"comment_status":"closed","ping_status":"closed","template":"","meta":{"footnotes":""},"class_list":["post-28","page","type-page","status-publish","hentry"],"_links":{"self":[{"href":"https:\/\/www.hurralingo.com\/az\/wp-json\/wp\/v2\/pages\/28","targetHints":{"allow":["GET"]}}],"collection":[{"href":"https:\/\/www.hurralingo.com\/az\/wp-json\/wp\/v2\/pages"}],"about":[{"href":"https:\/\/www.hurralingo.com\/az\/wp-json\/wp\/v2\/types\/page"}],"author":[{"embeddable":true,"href":"https:\/\/www.hurralingo.com\/az\/wp-json\/wp\/v2\/users\/1"}],"replies":[{"embeddable":true,"href":"https:\/\/www.hurralingo.com\/az\/wp-json\/wp\/v2\/comments?post=28"}],"version-history":[{"count":46,"href":"https:\/\/www.hurralingo.com\/az\/wp-json\/wp\/v2\/pages\/28\/revisions"}],"predecessor-version":[{"id":5986,"href":"https:\/\/www.hurralingo.com\/az\/wp-json\/wp\/v2\/pages\/28\/revisions\/5986"}],"wp:attachment":[{"href":"https:\/\/www.hurralingo.com\/az\/wp-json\/wp\/v2\/media?parent=28"}],"curies":[{"name":"wp","href":"https:\/\/api.w.org\/{rel}","templated":true}]}}