{"id":20,"date":"2020-07-22T09:51:29","date_gmt":"2020-07-22T09:51:29","guid":{"rendered":"https:\/\/demo.cmssuperheroes.com\/themeforest\/kindori\/?page_id=20"},"modified":"2026-03-12T06:44:53","modified_gmt":"2026-03-12T06:44:53","slug":"contact-page","status":"publish","type":"page","link":"https:\/\/www.hurralingo.com\/az\/contact-page\/","title":{"rendered":"\u018flaq\u0259"},"content":{"rendered":"\t\t<div data-elementor-type=\"wp-page\" data-elementor-id=\"20\" class=\"elementor elementor-20\">\n\t\t\t\t\t\t<section class=\"elementor-section elementor-top-section elementor-element elementor-element-c7f4cd8 elementor-section-boxed elementor-section-height-default elementor-section-height-default\" data-id=\"c7f4cd8\" data-element_type=\"section\">\r\n\t\t\t\t\t\t<div class=\"elementor-container elementor-column-gap-default \" >\r\n\t\t\t        <div class=\"elementor-column elementor-col-33 elementor-top-column elementor-element elementor-element-cb50e73\" data-id=\"cb50e73\" data-element_type=\"column\">\r\n            <div class=\"elementor-widget-wrap elementor-element-populated\">\r\n                \t\t<div class=\"elementor-element elementor-element-06555f6 contact-info-custom elementor-widget elementor-widget-cms_contact_info\" data-id=\"06555f6\" data-element_type=\"widget\" data-widget_type=\"cms_contact_info.default\">\n\t\t\t\t<div class=\"elementor-widget-container\">\n\t\t\t\t\t<div class=\"cms-contact-info5 border-show \">\r\n\r\n                <div class=\"item--icon\">\r\n            <img decoding=\"async\" width=\"133\" height=\"137\" src=\"https:\/\/www.hurralingo.com\/az\/wp-content\/uploads\/2020\/08\/image-home-2.png\" class=\"attachment-full\" alt=\"image-home-2\" \/>        <\/div>\r\n    \r\n                        <h3 class=\"entry-title\">\r\n                Mesaj g\u00f6nd\u0259rm\u0259k \u00fc\u00e7\u00fcn    \r\n            <\/h3>\r\n            \r\n            <ul class=\"list-li\">\r\n                            <li>\r\n                                   <\/li>\r\n                    <\/ul>\r\n    <\/div>\r\n\t\t\t\t<\/div>\n\t\t\t\t<\/div>\n\t\t\t\t<div class=\"elementor-element elementor-element-3c161e8 elementor-widget elementor-widget-cms_button\" data-id=\"3c161e8\" data-element_type=\"widget\" data-widget_type=\"cms_button.default\">\n\t\t\t\t<div class=\"elementor-widget-container\">\n\t\t\t\t\t    <div id=\"cms_button-3c161e8\" class=\"cms-button-wrapper cms-button-layout1 \">\r\n        <a class=\"btn btn-primary hv-secondary\" href=\"https:\/\/www.hurralingo.app\/signup?lng=tr\" target=\"_blank\" rel=\"noopener\">\r\n                            <span class=\"btn-icon icon-left\">\r\n                    <i class=\"fas fa-arrow-right\"><\/i>\r\n                <\/span>\r\n                <span class=\"btn-text\">\r\n                    Klikl\u0259yin                <\/span>\r\n             \r\n                                <\/a>\r\n    <\/div>\r\n\t\t\t\t<\/div>\n\t\t\t\t<\/div>\n\t\t            <\/div>\r\n        <\/div>\r\n                <div class=\"elementor-column elementor-col-33 elementor-top-column elementor-element elementor-element-717f984\" data-id=\"717f984\" data-element_type=\"column\">\r\n            <div class=\"elementor-widget-wrap elementor-element-populated\">\r\n                \t\t<div class=\"elementor-element elementor-element-7079557 contact-info-custom elementor-widget elementor-widget-cms_contact_info\" data-id=\"7079557\" data-element_type=\"widget\" data-widget_type=\"cms_contact_info.default\">\n\t\t\t\t<div class=\"elementor-widget-container\">\n\t\t\t\t\t<div class=\"cms-contact-info5 border-show \">\r\n\r\n                <div class=\"item--icon\">\r\n            <img decoding=\"async\" width=\"36\" height=\"34\" src=\"https:\/\/www.hurralingo.com\/az\/wp-content\/uploads\/2020\/08\/chat-icon.png\" class=\"attachment-full\" alt=\"chaticonpng\" \/>        <\/div>\r\n    \r\n                        <h3 class=\"entry-title\">\r\n                \u018flaq\u0259 n\u00f6mr\u0259l\u0259ri    \r\n            <\/h3>\r\n            \r\n            <ul class=\"list-li\">\r\n                            <li>\r\n                    +90 539 516 70 70               <\/li>\r\n                            <li>\r\n                     +90 312 484 84 87               <\/li>\r\n                    <\/ul>\r\n    <\/div>\r\n\t\t\t\t<\/div>\n\t\t\t\t<\/div>\n\t\t            <\/div>\r\n        <\/div>\r\n                <div class=\"elementor-column elementor-col-33 elementor-top-column elementor-element elementor-element-92f7c64\" data-id=\"92f7c64\" data-element_type=\"column\">\r\n            <div class=\"elementor-widget-wrap elementor-element-populated\">\r\n                \t\t<div class=\"elementor-element elementor-element-797412a elementor-widget elementor-widget-cms_contact_info\" data-id=\"797412a\" data-element_type=\"widget\" data-widget_type=\"cms_contact_info.default\">\n\t\t\t\t<div class=\"elementor-widget-container\">\n\t\t\t\t\t<div class=\"cms-contact-info5 border-none \">\r\n\r\n                <div class=\"item--icon\">\r\n            <img decoding=\"async\" width=\"36\" height=\"34\" src=\"https:\/\/www.hurralingo.com\/az\/wp-content\/uploads\/2020\/08\/mail-icon.png\" class=\"attachment-full\" alt=\"mailiconpng2\" \/>        <\/div>\r\n    \r\n                        <h3 class=\"entry-title\">\r\n                E-po\u00e7t    \r\n            <\/h3>\r\n            \r\n            <ul class=\"list-li\">\r\n                            <li>\r\n                    hello@hurralingo.com               <\/li>\r\n                    <\/ul>\r\n    <\/div>\r\n\t\t\t\t<\/div>\n\t\t\t\t<\/div>\n\t\t            <\/div>\r\n        <\/div>\r\n        \t\t\t<\/div>\r\n\t\t<\/section>\r\n\t\t\t\t<section class=\"elementor-section elementor-top-section elementor-element elementor-element-bf591bd elementor-section-boxed elementor-section-height-default elementor-section-height-default\" data-id=\"bf591bd\" data-element_type=\"section\">\r\n\t\t\t\t\t\t<div class=\"elementor-container elementor-column-gap-default \" >\r\n\t\t\t        <div class=\"elementor-column elementor-col-33 elementor-top-column elementor-element elementor-element-22c654f\" data-id=\"22c654f\" data-element_type=\"column\">\r\n            <div class=\"elementor-widget-wrap elementor-element-populated\">\r\n                \t\t<div class=\"elementor-element elementor-element-615985d elementor-widget elementor-widget-cms_contact_info\" data-id=\"615985d\" data-element_type=\"widget\" data-widget_type=\"cms_contact_info.default\">\n\t\t\t\t<div class=\"elementor-widget-container\">\n\t\t\t\t\t<div class=\"cms-contact-info5 border-none \">\r\n\r\n                <div class=\"item--icon\">\r\n            <img loading=\"lazy\" decoding=\"async\" width=\"34\" height=\"34\" src=\"https:\/\/www.hurralingo.com\/az\/wp-content\/uploads\/2020\/08\/map-icon.png\" class=\"attachment-full\" alt=\"haritalariconpng\" \/>        <\/div>\r\n    \r\n                        <h3 class=\"entry-title\">\r\n                Ankara \u2013 G\u00f6lba\u015f\u0131 filial\u0131    \r\n            <\/h3>\r\n            \r\n            <ul class=\"list-li\">\r\n                            <li>\r\n                    Nesibe Ayd\u0131n T\u0259hsil M\u00fc\u0259ssis\u0259l\u0259ri Haymana Yolu, 5-ci km, G\u00f6lba\u015f\u0131, Ankara, T\u00fcrkiy\u0259               <\/li>\r\n                    <\/ul>\r\n    <\/div>\r\n\t\t\t\t<\/div>\n\t\t\t\t<\/div>\n\t\t            <\/div>\r\n        <\/div>\r\n                <div class=\"elementor-column elementor-col-33 elementor-top-column elementor-element elementor-element-d178675\" data-id=\"d178675\" data-element_type=\"column\">\r\n            <div class=\"elementor-widget-wrap elementor-element-populated\">\r\n                \t\t<div class=\"elementor-element elementor-element-c08a949 elementor-widget elementor-widget-cms_contact_info\" data-id=\"c08a949\" data-element_type=\"widget\" data-widget_type=\"cms_contact_info.default\">\n\t\t\t\t<div class=\"elementor-widget-container\">\n\t\t\t\t\t<div class=\"cms-contact-info5 border-none \">\r\n\r\n                <div class=\"item--icon\">\r\n            <img loading=\"lazy\" decoding=\"async\" width=\"34\" height=\"34\" src=\"https:\/\/www.hurralingo.com\/az\/wp-content\/uploads\/2020\/08\/map-icon.png\" class=\"attachment-full\" alt=\"haritalariconpng\" \/>        <\/div>\r\n    \r\n                        <h3 class=\"entry-title\">\r\n                Ankara Texnopark filial\u0131    \r\n            <\/h3>\r\n            \r\n            <ul class=\"list-li\">\r\n                            <li>\r\n                    Ankara Universiteti Texnopark\u0131 B Blok, No: 35\u2013111 G\u00f6lba\u015f\u0131, Ankara, T\u00fcrkiy\u0259               <\/li>\r\n                    <\/ul>\r\n    <\/div>\r\n\t\t\t\t<\/div>\n\t\t\t\t<\/div>\n\t\t            <\/div>\r\n        <\/div>\r\n                <div class=\"elementor-column elementor-col-33 elementor-top-column elementor-element elementor-element-8be74f4\" data-id=\"8be74f4\" data-element_type=\"column\">\r\n            <div class=\"elementor-widget-wrap elementor-element-populated\">\r\n                \t\t<div class=\"elementor-element elementor-element-25c3a56 elementor-widget elementor-widget-cms_contact_info\" data-id=\"25c3a56\" data-element_type=\"widget\" data-widget_type=\"cms_contact_info.default\">\n\t\t\t\t<div class=\"elementor-widget-container\">\n\t\t\t\t\t<div class=\"cms-contact-info5 border-none \">\r\n\r\n                <div class=\"item--icon\">\r\n            <img loading=\"lazy\" decoding=\"async\" width=\"34\" height=\"34\" src=\"https:\/\/www.hurralingo.com\/az\/wp-content\/uploads\/2020\/08\/map-icon.png\" class=\"attachment-full\" alt=\"haritalariconpng\" \/>        <\/div>\r\n    \r\n                        <h3 class=\"entry-title\">\r\n                London, Birl\u0259\u015fmi\u015f Krall\u0131q filial\u0131    \r\n            <\/h3>\r\n            \r\n            <ul class=\"list-li\">\r\n                            <li>\r\n                    Capital Office Ltd Kemp House, 152\u2013160 City Road London, England, EC1V 2NX Birl\u0259\u015fmi\u015f Krall\u0131q               <\/li>\r\n                    <\/ul>\r\n    <\/div>\r\n\t\t\t\t<\/div>\n\t\t\t\t<\/div>\n\t\t            <\/div>\r\n        <\/div>\r\n        \t\t\t<\/div>\r\n\t\t<\/section>\r\n\t\t\t\t<section class=\"elementor-section elementor-top-section elementor-element elementor-element-495f070 elementor-section-boxed elementor-section-height-default elementor-section-height-default\" data-id=\"495f070\" data-element_type=\"section\">\r\n\t\t\t\t\t\t<div class=\"elementor-container elementor-column-gap-default \" >\r\n\t\t\t        <div class=\"elementor-column elementor-col-100 elementor-top-column elementor-element elementor-element-efcdc18\" data-id=\"efcdc18\" data-element_type=\"column\">\r\n            <div class=\"elementor-widget-wrap elementor-element-populated\">\r\n                \t\t<div class=\"elementor-element elementor-element-8730f0c elementor-widget elementor-widget-cms_heading\" data-id=\"8730f0c\" data-element_type=\"widget\" data-widget_type=\"cms_heading.default\">\n\t\t\t\t<div class=\"elementor-widget-container\">\n\t\t\t\t\t<div class=\"cms-heading-wrapper cms-heading-layout1 \">\r\n    \r\n            <h3 class=\"custom-heading\">\r\n            <span                 >\r\n                X\u0259rit\u0259d\u0259 bax<\/span>\r\n        <\/h3>\r\n        \r\n    <\/div>\t\t\t\t<\/div>\n\t\t\t\t<\/div>\n\t\t\t\t<div class=\"elementor-element elementor-element-1d8c968 google-map-custom elementor-widget elementor-widget-google_maps\" data-id=\"1d8c968\" data-element_type=\"widget\" data-widget_type=\"google_maps.default\">\n\t\t\t\t<div class=\"elementor-widget-container\">\n\t\t\t\t\t\t\t<div class=\"elementor-custom-embed\">\n\t\t\t<iframe loading=\"lazy\"\n\t\t\t\t\tsrc=\"https:\/\/maps.google.com\/maps?q=Nesibe%20Ayd%C4%B1n%20E%C4%9Fitim%20Kurumlar%C4%B1%20-%20G%C3%B6lba%C5%9F%C4%B1%20Kamp%C3%BCs%C3%BC%2C%20Haymana%20Yolu%205.%20Km.%20Kar%C5%9F%C4%B1yaka%20Mah.%20577.Sokak%20No%3A1%20G%C3%B6lba%C5%9F%C4%B1%20%2F%20Ankara%20Haymana%20Yolu%205.%20Km%2C%20Kar%C5%9F%C4%B1yaka%2C%20577.%20Sk.%20No%3A1%2C%2006830%20G%C3%B6lba%C5%9F%C4%B1%2FAnkara&#038;t=m&#038;z=18&#038;output=embed&#038;iwloc=near\"\n\t\t\t\t\ttitle=\"Nesibe Ayd\u0131n E\u011fitim Kurumlar\u0131 - G\u00f6lba\u015f\u0131 Kamp\u00fcs\u00fc, Haymana Yolu 5. Km. Kar\u015f\u0131yaka Mah. 577.Sokak No:1 G\u00f6lba\u015f\u0131 \/ Ankara Haymana Yolu 5. Km, Kar\u015f\u0131yaka, 577. Sk. No:1, 06830 G\u00f6lba\u015f\u0131\/Ankara\"\n\t\t\t\t\taria-label=\"Nesibe Ayd\u0131n E\u011fitim Kurumlar\u0131 - G\u00f6lba\u015f\u0131 Kamp\u00fcs\u00fc, Haymana Yolu 5. Km. Kar\u015f\u0131yaka Mah. 577.Sokak No:1 G\u00f6lba\u015f\u0131 \/ Ankara Haymana Yolu 5. Km, Kar\u015f\u0131yaka, 577. Sk. No:1, 06830 G\u00f6lba\u015f\u0131\/Ankara\"\n\t\t\t><\/iframe>\n\t\t<\/div>\n\t\t\t\t\t\t<\/div>\n\t\t\t\t<\/div>\n\t\t            <\/div>\r\n        <\/div>\r\n        \t\t\t<\/div>\r\n\t\t<\/section>\r\n\t\t\t\t<\/div>\n\t\t","protected":false},"excerpt":{"rendered":"<p>Mesaj g\u00f6nd\u0259rm\u0259k \u00fc\u00e7\u00fcn Klikl\u0259yin \u018flaq\u0259 n\u00f6mr\u0259l\u0259ri +90 539 516 70 70 +90 312 484 84 87 E-po\u00e7t hello@hurralingo.com Ankara \u2013 G\u00f6lba\u015f\u0131 filial\u0131 Nesibe Ayd\u0131n T\u0259hsil M\u00fc\u0259ssis\u0259l\u0259ri Haymana Yolu, 5-ci km, G\u00f6lba\u015f\u0131, Ankara, T\u00fcrkiy\u0259 Ankara Texnopark filial\u0131 Ankara Universiteti Texnopark\u0131 B Blok, No: 35\u2013111 G\u00f6lba\u015f\u0131, Ankara, T\u00fcrkiy\u0259 London, Birl\u0259\u015fmi\u015f Krall\u0131q filial\u0131 Capital Office Ltd Kemp House, [&hellip;]<\/p>\n","protected":false},"author":1,"featured_media":0,"parent":0,"menu_order":0,"comment_status":"closed","ping_status":"closed","template":"","meta":{"footnotes":""},"class_list":["post-20","page","type-page","status-publish","hentry"],"_links":{"self":[{"href":"https:\/\/www.hurralingo.com\/az\/wp-json\/wp\/v2\/pages\/20","targetHints":{"allow":["GET"]}}],"collection":[{"href":"https:\/\/www.hurralingo.com\/az\/wp-json\/wp\/v2\/pages"}],"about":[{"href":"https:\/\/www.hurralingo.com\/az\/wp-json\/wp\/v2\/types\/page"}],"author":[{"embeddable":true,"href":"https:\/\/www.hurralingo.com\/az\/wp-json\/wp\/v2\/users\/1"}],"replies":[{"embeddable":true,"href":"https:\/\/www.hurralingo.com\/az\/wp-json\/wp\/v2\/comments?post=20"}],"version-history":[{"count":29,"href":"https:\/\/www.hurralingo.com\/az\/wp-json\/wp\/v2\/pages\/20\/revisions"}],"predecessor-version":[{"id":5979,"href":"https:\/\/www.hurralingo.com\/az\/wp-json\/wp\/v2\/pages\/20\/revisions\/5979"}],"wp:attachment":[{"href":"https:\/\/www.hurralingo.com\/az\/wp-json\/wp\/v2\/media?parent=20"}],"curies":[{"name":"wp","href":"https:\/\/api.w.org\/{rel}","templated":true}]}}