{"id":1480,"date":"2020-08-15T08:12:54","date_gmt":"2020-08-15T08:12:54","guid":{"rendered":"https:\/\/demo.cmssuperheroes.com\/themeforest\/kindori\/?page_id=1480"},"modified":"2026-03-12T06:34:50","modified_gmt":"2026-03-12T06:34:50","slug":"f-a-q","status":"publish","type":"page","link":"https:\/\/www.hurralingo.com\/az\/f-a-q\/","title":{"rendered":"F.A.Q"},"content":{"rendered":"\t\t<div data-elementor-type=\"wp-page\" data-elementor-id=\"1480\" class=\"elementor elementor-1480\">\n\t\t\t\t\t\t<section class=\"elementor-section elementor-top-section elementor-element elementor-element-f411d57 elementor-section-boxed elementor-section-height-default elementor-section-height-default\" data-id=\"f411d57\" data-element_type=\"section\">\r\n\t\t\t\t\t\t<div class=\"elementor-container elementor-column-gap-default \" >\r\n\t\t\t        <div class=\"elementor-column elementor-col-100 elementor-top-column elementor-element elementor-element-b298c38\" data-id=\"b298c38\" data-element_type=\"column\">\r\n            <div class=\"elementor-widget-wrap elementor-element-populated\">\r\n                \t\t<div class=\"elementor-element elementor-element-4d4391c elementor-widget elementor-widget-cms_heading\" data-id=\"4d4391c\" data-element_type=\"widget\" data-widget_type=\"cms_heading.default\">\n\t\t\t\t<div class=\"elementor-widget-container\">\n\t\t\t\t\t<div class=\"cms-heading-wrapper cms-heading-layout1 \">\r\n            <div class=\"custom-subheading\">HURRA LINGO<\/div>\r\n    \r\n            <h3 class=\"custom-heading\">\r\n            <span                 >\r\n                Tez-tez veril\u0259n suallar<\/span>\r\n        <\/h3>\r\n        \r\n    <\/div>\t\t\t\t<\/div>\n\t\t\t\t<\/div>\n\t\t\t\t<div class=\"elementor-element elementor-element-cf0bd22 elementor-widget elementor-widget-cms_accordion\" data-id=\"cf0bd22\" data-element_type=\"widget\" data-widget_type=\"cms_accordion.default\">\n\t\t\t\t<div class=\"elementor-widget-container\">\n\t\t\t\t\t    <div id=\"cms_accordion-cf0bd22\" class=\"cms-accordion layout3\">\r\n        <div class=\"inner-layout\">\r\n                            <div class=\"cms-accordion-item  active\">\r\n                    <div class=\"cms-ac-title active\" data-target=\"#494eb5acms_accordion-cf0bd22\">\r\n                                                <a class=\"cms-ac-title-text\">\r\n                            Onlayn d\u0259rsl\u0259r effektivdirmi?                        <\/a>\r\n                    <\/div>\r\n                    <div id=\"494eb5acms_accordion-cf0bd22\" class=\"cms-ac-content\" style=\"display:block;\">Hurra Lingo-da d\u0259rsl\u0259rimiz t\u0259l\u0259b\u0259l\u0259ri aktiv \u015f\u0259kild\u0259 proses\u0259 c\u0259lb ed\u0259n oyun \u0259sasl\u0131 f\u0259aliyy\u0259tl\u0259r \u00fcz\u0259rind\u0259 qurulub. Bu yana\u015fma d\u0259rs vaxt\u0131n\u0131 t\u0259l\u0259b\u0259l\u0259rin h\u0259m \u0259yl\u0259ndiyi, h\u0259m d\u0259 g\u00fccl\u00fc dil bacar\u0131qlar\u0131 inki\u015faf etdirdiyi maraql\u0131 bir \u00f6yr\u0259nm\u0259 t\u0259cr\u00fcb\u0259sin\u0259 \u00e7evirir.<br \/>\n<br \/>\nT\u0259l\u0259b\u0259l\u0259ri aktiv, motivasiyal\u0131 v\u0259 proses\u0259 c\u0259lb olunmu\u015f v\u0259ziyy\u0259td\u0259 saxlayaraq, interaktiv onlayn d\u0259rsl\u0259rimiz effektiv dil \u00f6yr\u0259nm\u0259sini v\u0259 uzunm\u00fcdd\u0259tli yadda qalman\u0131 d\u0259st\u0259kl\u0259yir.<\/div>\r\n                <\/div>\r\n                            <div class=\"cms-accordion-item  \">\r\n                    <div class=\"cms-ac-title \" data-target=\"#d2d8a57cms_accordion-cf0bd22\">\r\n                                                <a class=\"cms-ac-title-text\">\r\n                            T\u0259l\u0259b\u0259l\u0259r uy\u011fun sinif v\u0259 s\u0259viyy\u0259y\u0259 nec\u0259 yerl\u0259\u015fdirilir?                        <\/a>\r\n                    <\/div>\r\n                    <div id=\"d2d8a57cms_accordion-cf0bd22\" class=\"cms-ac-content\">D\u0259rsl\u0259r\u0259 ba\u015flamazdan \u0259vv\u0259l valideynl\u0259rin, t\u0259l\u0259b\u0259l\u0259rin v\u0259 m\u00fc\u0259lliml\u0259rin i\u015ftirak etdiyi tan\u0131\u015fl\u0131q g\u00f6r\u00fc\u015f\u00fc ke\u00e7iririk. Bu g\u00f6r\u00fc\u015f biz\u0259 t\u0259l\u0259b\u0259nin dil s\u0259viyy\u0259sini rahat v\u0259 d\u0259st\u0259kl\u0259yici bir m\u00fchitd\u0259 qiym\u0259tl\u0259ndirm\u0259y\u0259 imkan verir.<br \/>\n<br \/>\nBu qiym\u0259tl\u0259ndirm\u0259 \u0259sas\u0131nda \u0259n uy\u011fun d\u0259rs m\u0259zmununu v\u0259 qrup yerl\u0259\u015fdirilm\u0259sini m\u00fc\u0259yy\u0259n edirik ki, effektiv \u00f6yr\u0259nm\u0259 v\u0259 aktiv i\u015ftirak t\u0259min olunsun.<\/div>\r\n                <\/div>\r\n                            <div class=\"cms-accordion-item  \">\r\n                    <div class=\"cms-ac-title \" data-target=\"#e9e8a0ecms_accordion-cf0bd22\">\r\n                                                <a class=\"cms-ac-title-text\">\r\n                            F\u0259rdi d\u0259rsl\u0259r yoxsa qrup d\u0259rsl\u0259ri: Hans\u0131 daha yax\u015f\u0131d\u0131r?                        <\/a>\r\n                    <\/div>\r\n                    <div id=\"e9e8a0ecms_accordion-cf0bd22\" class=\"cms-ac-content\">Biz inan\u0131r\u0131q ki, ya\u015f\u0131dlarla birlikd\u0259 \u00f6yr\u0259nm\u0259k \u00f6yr\u0259nm\u0259 prosesini g\u00fccl\u0259ndirir. Lakin f\u0259rdi d\u0259rs v\u0259 ya qrup d\u0259rsi se\u00e7imi ail\u0259l\u0259rin f\u0259rdi ehtiyac v\u0259 prioritetl\u0259ri n\u0259z\u0259r\u0259 al\u0131naraq birlikd\u0259 m\u00fc\u0259yy\u0259n edilir.<br \/>\n<br \/>\n\u00d6yr\u0259nm\u0259 m\u0259qs\u0259dl\u0259rini, \u00fcst\u00fcnl\u00fckl\u0259ri v\u0259 g\u00f6zl\u0259ntil\u0259ri n\u0259z\u0259r\u0259 alaraq, ail\u0259l\u0259r\u0259 \u0259n uy\u011fun d\u0259rs format\u0131n\u0131 se\u00e7m\u0259y\u0259 k\u00f6m\u0259k edirik ki, dil \u00f6yr\u0259nm\u0259 prosesi h\u0259m effektiv, h\u0259m d\u0259 z\u00f6vql\u00fc olsun.<\/div>\r\n                <\/div>\r\n                            <div class=\"cms-accordion-item  \">\r\n                    <div class=\"cms-ac-title \" data-target=\"#5ac26cccms_accordion-cf0bd22\">\r\n                                                <a class=\"cms-ac-title-text\">\r\n                            U\u015fa\u011f\u0131m\u0131n dil m\u00fc\u0259llimi il\u0259 \u0259laq\u0259 saxlaya bil\u0259r\u0259mmi?                        <\/a>\r\n                    <\/div>\r\n                    <div id=\"5ac26cccms_accordion-cf0bd22\" class=\"cms-ac-content\">Valideynl\u0259r t\u0259tbiqimizd\u0259 m\u00f6vcud olan valideyn hesab\u0131 vasit\u0259sil\u0259 u\u015faqlar\u0131n\u0131n m\u00fc\u0259llimi il\u0259 birba\u015fa \u0259laq\u0259 saxlaya bil\u0259rl\u0259r. Bu platforma vasit\u0259sil\u0259 m\u00fc\u0259lliml\u0259r h\u0259m\u00e7inin \u015fagirdin dil inki\u015faf\u0131 v\u0259 \u00f6yr\u0259nm\u0259 ir\u0259lil\u0259yi\u015fi haqq\u0131nda m\u00fcnt\u0259z\u0259m m\u0259lumat payla\u015f\u0131rlar.<\/div>\r\n                <\/div>\r\n                            <div class=\"cms-accordion-item  \">\r\n                    <div class=\"cms-ac-title \" data-target=\"#59ca816cms_accordion-cf0bd22\">\r\n                                                <a class=\"cms-ac-title-text\">\r\n                            \u00d6yr\u0259nm\u0259 bo\u015fluqlar\u0131 nec\u0259 m\u00fc\u0259yy\u0259n edilir v\u0259 d\u0259st\u0259kl\u0259nir?                        <\/a>\r\n                    <\/div>\r\n                    <div id=\"59ca816cms_accordion-cf0bd22\" class=\"cms-ac-content\">Biz m\u00fc\u0259lliml\u0259rimizin t\u0259qdim etdiyi \u0259lav\u0259 m\u0259\u015fq f\u0259aliyy\u0259tl\u0259ri il\u0259 \u00f6yr\u0259nm\u0259 prosesini d\u0259st\u0259kl\u0259yirik. Bundan \u0259lav\u0259, qeydiyyatdan sonra \u015fagirdl\u0259r t\u0259tbiqimizd\u0259 yerl\u0259\u015f\u0259n interaktiv v\u0259 praktika \u0259sasl\u0131 d\u0259rs modullar\u0131na giri\u015f \u0259ld\u0259 edirl\u0259r. Bu modullar vasit\u0259sil\u0259 onlar d\u0259rsl\u0259ri t\u0259krar ed\u0259, bilikl\u0259rini m\u00f6hk\u0259ml\u0259ndir\u0259 v\u0259 oyun \u0259sasl\u0131 \u00fcsullarla \u0259yl\u0259n\u0259r\u0259k m\u0259\u015fq ed\u0259 bilirl\u0259r.<br \/>\n<br \/>\n\u015eagirdl\u0259r h\u0259m\u00e7inin English Journey b\u00f6lm\u0259sind\u0259n faydalana bil\u0259rl\u0259r. Bu b\u00f6lm\u0259d\u0259 real h\u0259yat situasiyalar\u0131n\u0131, vizuallar\u0131 v\u0259 hekay\u0259 anlat\u0131m\u0131n\u0131 istifad\u0259 ed\u0259r\u0259k dili \u00f6yr\u0259d\u0259n q\u0131sa v\u0259 maraql\u0131 videolar yer al\u0131r. Bu da anlama v\u0259 yadda qalman\u0131 daha da g\u00fccl\u0259ndirir.<br \/>\n<br \/>\nEhtiyac olduqda, \u00f6yr\u0259nm\u0259 prosesi \u015fagirdin f\u0259rdi ehtiyaclar\u0131na uy\u011fun t\u0259\u015fkil olunan f\u0259rdi d\u0259rsl\u0259rl\u0259 d\u0259 d\u0259st\u0259kl\u0259n\u0259 bil\u0259r.<br \/>\nBu yana\u015fma \u015f\u0259ffaf \u00fcnsiyy\u0259t t\u0259min edir v\u0259 valideynl\u0259rin \u00f6yr\u0259nm\u0259 prosesini yax\u0131ndan izl\u0259m\u0259sin\u0259 imkan yarad\u0131r.<\/div>\r\n                <\/div>\r\n                            <div class=\"cms-accordion-item  \">\r\n                    <div class=\"cms-ac-title \" data-target=\"#70966e7cms_accordion-cf0bd22\">\r\n                                                <a class=\"cms-ac-title-text\">\r\n                            Ev tap\u015f\u0131r\u0131qlar\u0131 n\u0259 q\u0259d\u0259r vaxt apar\u0131r?                        <\/a>\r\n                    <\/div>\r\n                    <div id=\"70966e7cms_accordion-cf0bd22\" class=\"cms-ac-content\">M\u00f6hk\u0259ml\u0259ndirm\u0259 \u00fc\u00e7\u00fcn laz\u0131m olan vaxt h\u0259r bir \u015fagirdin diqq\u0259t m\u00fcdd\u0259ti v\u0259 motivasiya s\u0259viyy\u0259sind\u0259n as\u0131l\u0131 olaraq d\u0259yi\u015f\u0259 bil\u0259r. Lakin biz \u015fagirdl\u0259r\u0259 h\u0259r g\u00fcn d\u0259rsd\u0259 \u00f6yr\u0259ndikl\u0259rini m\u00f6hk\u0259ml\u0259ndirm\u0259k \u00fc\u00e7\u00fcn t\u0259xmin\u0259n 5\u201315 d\u0259qiq\u0259 vaxt ay\u0131rma\u011f\u0131 t\u00f6vsiy\u0259 edirik.<br \/>\n<br \/>\nBu m\u00f6hk\u0259ml\u0259ndirm\u0259 Hurra Lingo t\u0259tbiqind\u0259 m\u00f6vcud olan interaktiv, praktika \u0259sasl\u0131 v\u0259 oyunla\u015fd\u0131r\u0131lm\u0131\u015f tap\u015f\u0131r\u0131qlar vasit\u0259sil\u0259 h\u0259yata ke\u00e7irilir. Bu da \u015fagirdl\u0259rin d\u0259rsl\u0259ri \u0259yl\u0259nc\u0259li v\u0259 maraql\u0131 \u015f\u0259kild\u0259 t\u0259krar etm\u0259sin\u0259 k\u00f6m\u0259k edir. Bundan \u0259lav\u0259, \u015fagirdl\u0259r English Journey b\u00f6lm\u0259sind\u0259 yerl\u0259\u015f\u0259n q\u0131sa v\u0259 maarifl\u0259ndirici videolardan faydalana bil\u0259rl\u0259r. Bu videolar vizual hekay\u0259 anlat\u0131m\u0131 v\u0259 real h\u0259yat kontekstl\u0259ri vasit\u0259sil\u0259 dil \u00f6yr\u0259nm\u0259ni d\u0259st\u0259kl\u0259yir.<br \/>\n<br \/>\nB\u00fct\u00fcn bu vasit\u0259l\u0259r birlikd\u0259 \u00f6yr\u0259nm\u0259ni g\u00fccl\u0259ndirir, yadda qalman\u0131 art\u0131r\u0131r v\u0259 \u015fagirdl\u0259rin motivasiyas\u0131n\u0131 y\u00fcks\u0259k saxlay\u0131r, eyni zamanda onlar\u0131 yormur.<\/div>\r\n                <\/div>\r\n                            <div class=\"cms-accordion-item  \">\r\n                    <div class=\"cms-ac-title \" data-target=\"#27fc581cms_accordion-cf0bd22\">\r\n                                                <a class=\"cms-ac-title-text\">\r\n                            Ail\u0259 \u0259sasl\u0131 \u00f6yr\u0259nm\u0259 f\u0259aliyy\u0259tl\u0259ri varm\u0131?                        <\/a>\r\n                    <\/div>\r\n                    <div id=\"27fc581cms_accordion-cf0bd22\" class=\"cms-ac-content\">B\u0259li, biz valideynl\u0259rin v\u0259 u\u015faqlar\u0131n evd\u0259 birlikd\u0259 \u00f6yr\u0259ndikl\u0259rini m\u00f6hk\u0259ml\u0259ndirm\u0259sin\u0259 k\u00f6m\u0259k ed\u0259n ail\u0259 \u0259sasl\u0131 \u00f6yr\u0259nm\u0259 f\u0259aliyy\u0259tl\u0259ri t\u0259qdim edirik. Bu \u0259yl\u0259nc\u0259li v\u0259 maraql\u0131 f\u0259aliyy\u0259tl\u0259r sinifd\u0259n k\u0259narda da m\u0259\u015fq etm\u0259y\u0259 imkan yarad\u0131r v\u0259 \u00f6yr\u0259nm\u0259ni daha m\u0259nal\u0131 v\u0259 uzunm\u00fcdd\u0259tli edir.<br \/>\n<br \/>\nAil\u0259 i\u015ftirak\u0131n\u0131 t\u0259\u015fviq etm\u0259kl\u0259 biz yadda qalman\u0131, motivasiyan\u0131 v\u0259 \u00f6z\u00fcn\u0259 inam\u0131 art\u0131r\u0131r, dil \u00f6yr\u0259nm\u0259ni is\u0259 ail\u0259 il\u0259 payla\u015f\u0131lan bir t\u0259cr\u00fcb\u0259y\u0259 \u00e7eviririk.<\/div>\r\n                <\/div>\r\n                    <\/div>\r\n    <\/div>\r\n\t\t\t\t<\/div>\n\t\t\t\t<\/div>\n\t\t            <\/div>\r\n        <\/div>\r\n        \t\t\t<\/div>\r\n\t\t<\/section>\r\n\t\t\t\t<div class=\"elementor-section elementor-top-section elementor-element elementor-element-67ca376d elementor-section-stretched elementor-section-full_width elementor-section-height-default elementor-section-height-default\" data-id=\"67ca376d\" data-element_type=\"section\" data-settings=\"{&quot;stretch_section&quot;:&quot;section-stretched&quot;,&quot;background_background&quot;:&quot;classic&quot;}\">\r\n\t\t\t\t\t\t<div class=\"elementor-container elementor-column-gap-default \" >\r\n\t\t\t        <div class=\"elementor-column elementor-col-100 elementor-top-column elementor-element elementor-element-1e92d164\" data-id=\"1e92d164\" data-element_type=\"column\">\r\n            <div class=\"elementor-widget-wrap elementor-element-populated\">\r\n                \t\t<section class=\"elementor-section elementor-inner-section elementor-element elementor-element-466d977c elementor-section-boxed elementor-section-height-default elementor-section-height-default\" data-id=\"466d977c\" data-element_type=\"section\">\r\n\t\t\t\t\t\t<div class=\"elementor-container elementor-column-gap-default \" >\r\n\t\t\t        <div class=\"elementor-column elementor-col-100 elementor-inner-column elementor-element elementor-element-23c33c42\" data-id=\"23c33c42\" data-element_type=\"column\">\r\n            <div class=\"elementor-widget-wrap elementor-element-populated\">\r\n                \t\t<div class=\"elementor-element elementor-element-8ce8b36 elementor-widget elementor-widget-cms_heading\" data-id=\"8ce8b36\" data-element_type=\"widget\" data-widget_type=\"cms_heading.default\">\n\t\t\t\t<div class=\"elementor-widget-container\">\n\t\t\t\t\t<div class=\"cms-heading-wrapper cms-heading-layout1 wow fadeInDown\">\r\n            <div class=\"custom-subheading\">Hurra LINGO<\/div>\r\n    \r\n            <h3 class=\"custom-heading\">\r\n            <span                 >\r\n                What People Are Saying<\/span>\r\n        <\/h3>\r\n        \r\n    <\/div>\t\t\t\t<\/div>\n\t\t\t\t<\/div>\n\t\t\t\t<div class=\"elementor-element elementor-element-72a1a109 elementor-widget elementor-widget-cms_image_single\" data-id=\"72a1a109\" data-element_type=\"widget\" data-widget_type=\"cms_image_single.default\">\n\t\t\t\t<div class=\"elementor-widget-container\">\n\t\t\t\t\t<div class=\"cms-image-single animation-none wow flash\">\r\n            <div class=\"cms-img-box\">\r\n                            <img decoding=\"async\" width=\"99\" height=\"23\" src=\"https:\/\/www.hurralingo.com\/az\/wp-content\/uploads\/2020\/08\/image-bee.png\" class=\"attachment-full size-full wp-image-849\" alt=\"Kindoriarisi\" \/>                    <\/div>\r\n    <\/div>\t\t\t\t<\/div>\n\t\t\t\t<\/div>\n\t\t            <\/div>\r\n        <\/div>\r\n        \t\t\t<\/div>\r\n\t\t<\/section>\r\n\t\t            <\/div>\r\n        <\/div>\r\n        \t\t\t<\/div>\r\n\t\t<\/div>\r\n\t\t\t\t<section class=\"elementor-section elementor-top-section elementor-element elementor-element-1aa5267a elementor-section-stretched elementor-section-boxed elementor-section-height-default elementor-section-height-default\" data-id=\"1aa5267a\" data-element_type=\"section\" data-settings=\"{&quot;stretch_section&quot;:&quot;section-stretched&quot;,&quot;background_background&quot;:&quot;classic&quot;}\">\r\n\t\t\t\t\t\t<div class=\"elementor-container elementor-column-gap-default \" >\r\n\t\t\t        <div class=\"elementor-column elementor-col-100 elementor-top-column elementor-element elementor-element-1557d5a3\" data-id=\"1557d5a3\" data-element_type=\"column\">\r\n            <div class=\"elementor-widget-wrap elementor-element-populated\">\r\n                \t\t<div class=\"elementor-element elementor-element-6c98aba4 elementor-widget elementor-widget-cms_testimonial_carousel\" data-id=\"6c98aba4\" data-element_type=\"widget\" data-widget_type=\"cms_testimonial_carousel.default\">\n\t\t\t\t<div class=\"elementor-widget-container\">\n\t\t\t\t\t    <div class=\"cms-testimonial-carousel1 cms-slick-slider\">\r\n        <div class=\"cms-carousel-inner\">\r\n            <div class=\"cms-slick-carousel\" data-arrows=\"\" data-dots=\"true\" data-pauseOnHover=\"\" data-autoplay=\"\" data-autoplaySpeed=\"5000\" data-infinite=\"true\" data-speed=\"500\" data-slidesToShow=\"2\" data-slidesToShowTablet=\"2\" data-slidesToShowMobile=\"1\" data-slidesToScroll=\"2\" data-slidesToScrollTablet=\"2\" data-slidesToScrollMobile=\"1\">\r\n                                        <div class=\"testimonial-slick-slide\">\r\n                            <div class=\"testimonial-item\">\r\n                                <div class=\"testimonial-inner\">\r\n                                    <div class=\"testimonial-meta\">\r\n                                        <div class=\"testimonial-meta\">\r\n                                                                                            <div class=\"testimonial-image\">\r\n                                                    <img fetchpriority=\"high\" decoding=\"async\" class=\"\" src=\"https:\/\/www.hurralingo.com\/az\/wp-content\/uploads\/2020\/08\/testi-1.jpg\" width=\"300\" height=\"300\" alt=\"erkekyuzu2\" title=\"testi-1\" \/>                                                <\/div>\r\n                                                                                        <div class=\"testimonial-holder\">\r\n                                                <span class=\"arrow-quote\">\r\n                                                    <svg version=\"1.0\" xmlns=\"http:\/\/www.w3.org\/2000\/svg\"\r\n                                                     width=\"28.000000pt\" height=\"18.000000pt\" viewBox=\"0 0 28.000000 18.000000\"\r\n                                                     preserveAspectRatio=\"xMidYMid meet\">\r\n\r\n                                                        <g transform=\"translate(0.000000,18.000000) scale(0.100000,-0.100000)\" stroke=\"none\">\r\n                                                        <path d=\"M39 166 c-44 -22 -35 -106 12 -106 30 0 22 -20 -11 -27 -33 -6 -46\r\n                                                        -18 -31 -28 16 -9 77 21 95 46 19 28 21 92 4 106 -24 18 -45 21 -69 9z\"\/>\r\n                                                        <path d=\"M188 166 c-43 -22 -33 -106 13 -106 30 0 22 -20 -11 -27 -33 -6 -46\r\n                                                        -18 -31 -28 14 -8 73 18 92 41 55 64 7 155 -63 120z\"\/>\r\n                                                        <\/g>\r\n                                                    <\/svg>\r\n                                                <\/span>\r\n                                                <h3 class=\"testimonial-title\">Ali B.<\/h3>\r\n                                                <span class=\"item-star five-star\">\r\n                                                    <i class=\"fas fa-star\"><\/i>\r\n                                                    <i class=\"fas fa-star\"><\/i>\r\n                                                    <i class=\"fas fa-star\"><\/i>\r\n                                                    <i class=\"fas fa-star\"><\/i>\r\n                                                    <i class=\"fas fa-star\"><\/i>\r\n                                                <\/span>\r\n                                            <\/div>\r\n                                        <\/div>\r\n                                    <\/div>\r\n                                    <div class=\"testimonial-desc\">Hurra Lingo say\u0259sind\u0259 q\u0131z\u0131m ingilis dilini \u00f6yr\u0259nm\u0259y\u0259 h\u0259qiq\u0259t\u0259n b\u00f6y\u00fck sevgi qazand\u0131. O, x\u00fcsusil\u0259 oyunla\u015fd\u0131r\u0131lm\u0131\u015f m\u0259zmunu \u00e7ox sevir. Bu m\u0259zmun onu o q\u0259d\u0259r c\u0259lb edir ki, art\u0131q h\u0259r g\u00fcn \u00f6z t\u0259\u015f\u0259bb\u00fcs\u00fc il\u0259 m\u0259\u015fq edir. Onun ya\u015f\u0131ndak\u0131 bir u\u015faq \u00fc\u00e7\u00fcn h\u0259m \u00e7ox faydal\u0131, h\u0259m d\u0259 \u00e7ox \u0259yl\u0259nc\u0259li olan bel\u0259 bir \u00fcsulu tapd\u0131\u011f\u0131ma g\u00f6r\u0259 \u00e7ox m\u0259mnunam. Bu, dil \u00f6yr\u0259nm\u0259ni h\u0259qiq\u0259t\u0259n d\u0259 sevinc dolu g\u00fcnd\u0259lik bir v\u0259rdi\u015f\u0259 \u00e7evirib.<\/div>\r\n                                <\/div>\r\n                            <\/div>\r\n                        <\/div>\r\n                                        <div class=\"testimonial-slick-slide\">\r\n                            <div class=\"testimonial-item\">\r\n                                <div class=\"testimonial-inner\">\r\n                                    <div class=\"testimonial-meta\">\r\n                                        <div class=\"testimonial-meta\">\r\n                                                                                            <div class=\"testimonial-image\">\r\n                                                    <img decoding=\"async\" class=\"\" src=\"https:\/\/www.hurralingo.com\/az\/wp-content\/uploads\/2020\/08\/testi-3.jpg\" width=\"300\" height=\"300\" alt=\"kadinyuzu\" title=\"testi-3\" \/>                                                <\/div>\r\n                                                                                        <div class=\"testimonial-holder\">\r\n                                                <span class=\"arrow-quote\">\r\n                                                    <svg version=\"1.0\" xmlns=\"http:\/\/www.w3.org\/2000\/svg\"\r\n                                                     width=\"28.000000pt\" height=\"18.000000pt\" viewBox=\"0 0 28.000000 18.000000\"\r\n                                                     preserveAspectRatio=\"xMidYMid meet\">\r\n\r\n                                                        <g transform=\"translate(0.000000,18.000000) scale(0.100000,-0.100000)\" stroke=\"none\">\r\n                                                        <path d=\"M39 166 c-44 -22 -35 -106 12 -106 30 0 22 -20 -11 -27 -33 -6 -46\r\n                                                        -18 -31 -28 16 -9 77 21 95 46 19 28 21 92 4 106 -24 18 -45 21 -69 9z\"\/>\r\n                                                        <path d=\"M188 166 c-43 -22 -33 -106 13 -106 30 0 22 -20 -11 -27 -33 -6 -46\r\n                                                        -18 -31 -28 14 -8 73 18 92 41 55 64 7 155 -63 120z\"\/>\r\n                                                        <\/g>\r\n                                                    <\/svg>\r\n                                                <\/span>\r\n                                                <h3 class=\"testimonial-title\">Emel G.<\/h3>\r\n                                                <span class=\"item-star five-star\">\r\n                                                    <i class=\"fas fa-star\"><\/i>\r\n                                                    <i class=\"fas fa-star\"><\/i>\r\n                                                    <i class=\"fas fa-star\"><\/i>\r\n                                                    <i class=\"fas fa-star\"><\/i>\r\n                                                    <i class=\"fas fa-star\"><\/i>\r\n                                                <\/span>\r\n                                            <\/div>\r\n                                        <\/div>\r\n                                    <\/div>\r\n                                    <div class=\"testimonial-desc\">O\u011flum Emir ad\u0259t\u0259n \u0259n\u0259n\u0259vi \u015f\u0259kild\u0259 d\u0259rs oxuma\u011f\u0131 sevmir, amma Hurra Lingo-nu h\u0259qiq\u0259t\u0259n \u00e7ox sevir. R\u0259ngar\u0259ng interfeysi, maraql\u0131 interaktiv dialoqlar\u0131 v\u0259 qazand\u0131r\u0131lan u\u011fur ni\u015fanlar\u0131 onu daim motivasiya edir. A\u00e7\u0131\u011f\u0131, dil \u00f6yr\u0259nm\u0259nin bu q\u0259d\u0259r \u0259yl\u0259nc\u0259li ola bil\u0259c\u0259yin\u0259 heyranam \u2014 bu, onun dil \u00f6yr\u0259nm\u0259y\u0259 olan bax\u0131\u015f\u0131n\u0131 tamamil\u0259 d\u0259yi\u015fdirib!<\/div>\r\n                                <\/div>\r\n                            <\/div>\r\n                        <\/div>\r\n                            <\/div>\r\n        <\/div>\r\n    <\/div>\r\n\t\t\t\t<\/div>\n\t\t\t\t<\/div>\n\t\t            <\/div>\r\n        <\/div>\r\n        \t\t\t<\/div>\r\n\t\t<\/section>\r\n\t\t\t\t<\/div>\n\t\t","protected":false},"excerpt":{"rendered":"<p>HURRA LINGO Tez-tez veril\u0259n suallar Onlayn d\u0259rsl\u0259r effektivdirmi? Hurra Lingo-da d\u0259rsl\u0259rimiz t\u0259l\u0259b\u0259l\u0259ri aktiv \u015f\u0259kild\u0259 proses\u0259 c\u0259lb ed\u0259n oyun \u0259sasl\u0131 f\u0259aliyy\u0259tl\u0259r \u00fcz\u0259rind\u0259 qurulub. Bu yana\u015fma d\u0259rs vaxt\u0131n\u0131 t\u0259l\u0259b\u0259l\u0259rin h\u0259m \u0259yl\u0259ndiyi, h\u0259m d\u0259 g\u00fccl\u00fc dil bacar\u0131qlar\u0131 inki\u015faf etdirdiyi maraql\u0131 bir \u00f6yr\u0259nm\u0259 t\u0259cr\u00fcb\u0259sin\u0259 \u00e7evirir. T\u0259l\u0259b\u0259l\u0259ri aktiv, motivasiyal\u0131 v\u0259 proses\u0259 c\u0259lb olunmu\u015f v\u0259ziyy\u0259td\u0259 saxlayaraq, interaktiv onlayn d\u0259rsl\u0259rimiz effektiv dil [&hellip;]<\/p>\n","protected":false},"author":1,"featured_media":0,"parent":0,"menu_order":0,"comment_status":"closed","ping_status":"closed","template":"","meta":{"footnotes":""},"class_list":["post-1480","page","type-page","status-publish","hentry"],"_links":{"self":[{"href":"https:\/\/www.hurralingo.com\/az\/wp-json\/wp\/v2\/pages\/1480","targetHints":{"allow":["GET"]}}],"collection":[{"href":"https:\/\/www.hurralingo.com\/az\/wp-json\/wp\/v2\/pages"}],"about":[{"href":"https:\/\/www.hurralingo.com\/az\/wp-json\/wp\/v2\/types\/page"}],"author":[{"embeddable":true,"href":"https:\/\/www.hurralingo.com\/az\/wp-json\/wp\/v2\/users\/1"}],"replies":[{"embeddable":true,"href":"https:\/\/www.hurralingo.com\/az\/wp-json\/wp\/v2\/comments?post=1480"}],"version-history":[{"count":25,"href":"https:\/\/www.hurralingo.com\/az\/wp-json\/wp\/v2\/pages\/1480\/revisions"}],"predecessor-version":[{"id":5968,"href":"https:\/\/www.hurralingo.com\/az\/wp-json\/wp\/v2\/pages\/1480\/revisions\/5968"}],"wp:attachment":[{"href":"https:\/\/www.hurralingo.com\/az\/wp-json\/wp\/v2\/media?parent=1480"}],"curies":[{"name":"wp","href":"https:\/\/api.w.org\/{rel}","templated":true}]}}