{"id":1439,"date":"2020-08-15T04:40:13","date_gmt":"2020-08-15T04:40:13","guid":{"rendered":"https:\/\/demo.cmssuperheroes.com\/themeforest\/kindori\/?page_id=1439"},"modified":"2026-03-12T07:03:16","modified_gmt":"2026-03-12T07:03:16","slug":"prices","status":"publish","type":"page","link":"https:\/\/www.hurralingo.com\/az\/prices\/","title":{"rendered":"Qiym\u0259tl\u0259r"},"content":{"rendered":"\t\t<div data-elementor-type=\"wp-page\" data-elementor-id=\"1439\" class=\"elementor elementor-1439\">\n\t\t\t\t\t\t<section class=\"elementor-section elementor-top-section elementor-element elementor-element-863367c elementor-section-stretched elementor-section-full_width elementor-section-height-default elementor-section-height-default\" data-id=\"863367c\" data-element_type=\"section\" data-settings=\"{&quot;stretch_section&quot;:&quot;section-stretched&quot;}\">\r\n\t\t\t\t\t\t\t<div class=\"elementor-background-overlay\"><\/div>\r\n\t\t\t\t\t\t\t<div class=\"elementor-container elementor-column-gap-default \" >\r\n\t\t\t        <div class=\"elementor-column elementor-col-100 elementor-top-column elementor-element elementor-element-4e392d0e\" data-id=\"4e392d0e\" data-element_type=\"column\">\r\n            <div class=\"elementor-widget-wrap elementor-element-populated\">\r\n                \t\t<div class=\"elementor-section elementor-inner-section elementor-element elementor-element-4722a6a4 elementor-section-full_width elementor-section-height-default elementor-section-height-default\" data-id=\"4722a6a4\" data-element_type=\"section\">\r\n\t\t\t\t\t\t<div class=\"elementor-container elementor-column-gap-default \" >\r\n\t\t\t        <div class=\"elementor-column elementor-col-33 elementor-inner-column elementor-element elementor-element-11ad0ed3\" data-id=\"11ad0ed3\" data-element_type=\"column\">\r\n            <div class=\"elementor-widget-wrap elementor-element-populated\">\r\n                \t\t<div class=\"elementor-element elementor-element-31ecaffd cms-element elementor-widget elementor-widget-cms_image_single\" data-id=\"31ecaffd\" data-element_type=\"widget\" data-widget_type=\"cms_image_single.default\">\n\t\t\t\t<div class=\"elementor-widget-container\">\n\t\t\t\t\t<div class=\"cms-image-single cms-animation-left-to-right \">\r\n            <div class=\"cms-img-box\">\r\n                            <img decoding=\"async\" width=\"133\" height=\"137\" src=\"https:\/\/www.hurralingo.com\/az\/wp-content\/uploads\/2020\/08\/image-home-2.png\" class=\"attachment-full size-full wp-image-2020\" alt=\"image-home-2\" \/>                    <\/div>\r\n    <\/div>\t\t\t\t<\/div>\n\t\t\t\t<\/div>\n\t\t            <\/div>\r\n        <\/div>\r\n                <div class=\"elementor-column elementor-col-33 elementor-inner-column elementor-element elementor-element-3f10bce0\" data-id=\"3f10bce0\" data-element_type=\"column\">\r\n            <div class=\"elementor-widget-wrap elementor-element-populated\">\r\n                \t\t<div class=\"elementor-element elementor-element-1fafa5c7 elementor-widget elementor-widget-cms_heading\" data-id=\"1fafa5c7\" data-element_type=\"widget\" data-widget_type=\"cms_heading.default\">\n\t\t\t\t<div class=\"elementor-widget-container\">\n\t\t\t\t\t<div class=\"cms-heading-wrapper cms-heading-layout1 wow pulse\">\r\n    \r\n            <h2 class=\"custom-heading\">\r\n            <a href=\"https:\/\/www.hurralingo.app\/egitim-paketleri\" target=\"_blank\" rel=\"noopener\">\r\n                Almaq \u00fc\u00e7\u00fcn buraya klikl\u0259yin.<\/a>\r\n        <\/h2>\r\n        \r\n    <\/div>\t\t\t\t<\/div>\n\t\t\t\t<\/div>\n\t\t\t\t<div class=\"elementor-element elementor-element-7914907d elementor-widget elementor-widget-cms_image_single\" data-id=\"7914907d\" data-element_type=\"widget\" data-widget_type=\"cms_image_single.default\">\n\t\t\t\t<div class=\"elementor-widget-container\">\n\t\t\t\t\t<div class=\"cms-image-single animation-none wow flash\">\r\n            <div class=\"cms-img-box\">\r\n                            <img decoding=\"async\" width=\"99\" height=\"23\" src=\"https:\/\/www.hurralingo.com\/az\/wp-content\/uploads\/2020\/08\/image-bee.png\" class=\"attachment-full size-full wp-image-849\" alt=\"Kindoriarisi\" \/>                    <\/div>\r\n    <\/div>\t\t\t\t<\/div>\n\t\t\t\t<\/div>\n\t\t            <\/div>\r\n        <\/div>\r\n                <div class=\"elementor-column elementor-col-33 elementor-inner-column elementor-element elementor-element-5dc47c09\" data-id=\"5dc47c09\" data-element_type=\"column\">\r\n            <div class=\"elementor-widget-wrap elementor-element-populated\">\r\n                \t\t<div class=\"elementor-element elementor-element-bd36604 cms-animation-bottom-to-top2 elementor-widget elementor-widget-cms_image_single\" data-id=\"bd36604\" data-element_type=\"widget\" data-widget_type=\"cms_image_single.default\">\n\t\t\t\t<div class=\"elementor-widget-container\">\n\t\t\t\t\t<div class=\"cms-image-single cms-animation-bottom-to-top \">\r\n            <div class=\"cms-img-box\">\r\n                            <img decoding=\"async\" width=\"180\" height=\"186\" src=\"https:\/\/www.hurralingo.com\/az\/wp-content\/uploads\/2020\/08\/image-home-3.png\" class=\"attachment-full size-full wp-image-2024\" alt=\"image-home-3\" \/>                    <\/div>\r\n    <\/div>\t\t\t\t<\/div>\n\t\t\t\t<\/div>\n\t\t            <\/div>\r\n        <\/div>\r\n        \t\t\t<\/div>\r\n\t\t<\/div>\r\n\t\t            <\/div>\r\n        <\/div>\r\n        \t\t\t<\/div>\r\n\t\t<\/section>\r\n\t\t<div class=\"elementor-element elementor-element-b87a2f4 e-flex e-con-boxed e-con e-parent\" data-id=\"b87a2f4\" data-element_type=\"container\">\r\n\t\t\t\t\t<div class=\"e-con-inner\">\r\n\t\t\t\t<div class=\"elementor-element elementor-element-8278a65 elementor-widget elementor-widget-html\" data-id=\"8278a65\" data-element_type=\"widget\" data-widget_type=\"html.default\">\n\t\t\t\t<div class=\"elementor-widget-container\">\n\t\t\t\t\t<img decoding=\"async\" src=\"https:\/\/www.hurraturkiye.com\/wp-content\/uploads\/2026\/01\/Ekran-Resmi-2026-01-07-13.56.34.png\">\n\t\t\t\t<\/div>\n\t\t\t\t<\/div>\n\t\t\t\t\t<\/div>\r\n\t\t\t\t<\/div>\r\n\t\t\t\t<section class=\"elementor-section elementor-top-section elementor-element elementor-element-f5947a3 elementor-section-stretched elementor-section-full_width elementor-section-height-default elementor-section-height-default\" data-id=\"f5947a3\" data-element_type=\"section\" data-settings=\"{&quot;stretch_section&quot;:&quot;section-stretched&quot;}\">\r\n\t\t\t\t\t\t\t<div class=\"elementor-background-overlay\"><\/div>\r\n\t\t\t\t\t\t\t<div class=\"elementor-container elementor-column-gap-default \" >\r\n\t\t\t        <div class=\"elementor-column elementor-col-100 elementor-top-column elementor-element elementor-element-29175fa\" data-id=\"29175fa\" data-element_type=\"column\">\r\n            <div class=\"elementor-widget-wrap elementor-element-populated\">\r\n                \t\t<div class=\"elementor-section elementor-inner-section elementor-element elementor-element-4306b12 elementor-section-full_width elementor-section-height-default elementor-section-height-default\" data-id=\"4306b12\" data-element_type=\"section\">\r\n\t\t\t\t\t\t<div class=\"elementor-container elementor-column-gap-default \" >\r\n\t\t\t        <div class=\"elementor-column elementor-col-33 elementor-inner-column elementor-element elementor-element-5e8b207\" data-id=\"5e8b207\" data-element_type=\"column\">\r\n            <div class=\"elementor-widget-wrap elementor-element-populated\">\r\n                \t\t<div class=\"elementor-element elementor-element-6180238 cms-element elementor-widget elementor-widget-cms_image_single\" data-id=\"6180238\" data-element_type=\"widget\" data-widget_type=\"cms_image_single.default\">\n\t\t\t\t<div class=\"elementor-widget-container\">\n\t\t\t\t\t<div class=\"cms-image-single cms-animation-left-to-right \">\r\n            <div class=\"cms-img-box\">\r\n                            <img decoding=\"async\" width=\"133\" height=\"137\" src=\"https:\/\/www.hurralingo.com\/az\/wp-content\/uploads\/2020\/08\/image-home-2.png\" class=\"attachment-full size-full wp-image-2020\" alt=\"image-home-2\" \/>                    <\/div>\r\n    <\/div>\t\t\t\t<\/div>\n\t\t\t\t<\/div>\n\t\t            <\/div>\r\n        <\/div>\r\n                <div class=\"elementor-column elementor-col-33 elementor-inner-column elementor-element elementor-element-f3b2541\" data-id=\"f3b2541\" data-element_type=\"column\">\r\n            <div class=\"elementor-widget-wrap elementor-element-populated\">\r\n                \t\t<div class=\"elementor-element elementor-element-0846f32 elementor-widget elementor-widget-cms_heading\" data-id=\"0846f32\" data-element_type=\"widget\" data-widget_type=\"cms_heading.default\">\n\t\t\t\t<div class=\"elementor-widget-container\">\n\t\t\t\t\t<div class=\"cms-heading-wrapper cms-heading-layout1 wow pulse\">\r\n    \r\n            <h2 class=\"custom-heading\">\r\n            <a href=\"https:\/\/www.hurralingo.app\/egitim-paketleri\" target=\"_blank\" rel=\"noopener\">\r\n                Almaq \u00fc\u00e7\u00fcn buraya klikl\u0259yin.<\/a>\r\n        <\/h2>\r\n        \r\n    <\/div>\t\t\t\t<\/div>\n\t\t\t\t<\/div>\n\t\t\t\t<div class=\"elementor-element elementor-element-5b6e0d9 elementor-widget elementor-widget-cms_image_single\" data-id=\"5b6e0d9\" data-element_type=\"widget\" data-widget_type=\"cms_image_single.default\">\n\t\t\t\t<div class=\"elementor-widget-container\">\n\t\t\t\t\t<div class=\"cms-image-single animation-none wow flash\">\r\n            <div class=\"cms-img-box\">\r\n                            <img decoding=\"async\" width=\"99\" height=\"23\" src=\"https:\/\/www.hurralingo.com\/az\/wp-content\/uploads\/2020\/08\/image-bee.png\" class=\"attachment-full size-full wp-image-849\" alt=\"Kindoriarisi\" \/>                    <\/div>\r\n    <\/div>\t\t\t\t<\/div>\n\t\t\t\t<\/div>\n\t\t            <\/div>\r\n        <\/div>\r\n                <div class=\"elementor-column elementor-col-33 elementor-inner-column elementor-element elementor-element-9d3fd4d\" data-id=\"9d3fd4d\" data-element_type=\"column\">\r\n            <div class=\"elementor-widget-wrap elementor-element-populated\">\r\n                \t\t<div class=\"elementor-element elementor-element-5628ae5 cms-animation-bottom-to-top2 elementor-widget elementor-widget-cms_image_single\" data-id=\"5628ae5\" data-element_type=\"widget\" data-widget_type=\"cms_image_single.default\">\n\t\t\t\t<div class=\"elementor-widget-container\">\n\t\t\t\t\t<div class=\"cms-image-single cms-animation-bottom-to-top \">\r\n            <div class=\"cms-img-box\">\r\n                            <img decoding=\"async\" width=\"180\" height=\"186\" src=\"https:\/\/www.hurralingo.com\/az\/wp-content\/uploads\/2020\/08\/image-home-3.png\" class=\"attachment-full size-full wp-image-2024\" alt=\"image-home-3\" \/>                    <\/div>\r\n    <\/div>\t\t\t\t<\/div>\n\t\t\t\t<\/div>\n\t\t            <\/div>\r\n        <\/div>\r\n        \t\t\t<\/div>\r\n\t\t<\/div>\r\n\t\t            <\/div>\r\n        <\/div>\r\n        \t\t\t<\/div>\r\n\t\t<\/section>\r\n\t\t\t\t<\/div>\n\t\t","protected":false},"excerpt":{"rendered":"<p>Almaq \u00fc\u00e7\u00fcn buraya klikl\u0259yin. Almaq \u00fc\u00e7\u00fcn buraya klikl\u0259yin.<\/p>\n","protected":false},"author":1,"featured_media":0,"parent":0,"menu_order":0,"comment_status":"closed","ping_status":"closed","template":"","meta":{"footnotes":""},"class_list":["post-1439","page","type-page","status-publish","hentry"],"_links":{"self":[{"href":"https:\/\/www.hurralingo.com\/az\/wp-json\/wp\/v2\/pages\/1439","targetHints":{"allow":["GET"]}}],"collection":[{"href":"https:\/\/www.hurralingo.com\/az\/wp-json\/wp\/v2\/pages"}],"about":[{"href":"https:\/\/www.hurralingo.com\/az\/wp-json\/wp\/v2\/types\/page"}],"author":[{"embeddable":true,"href":"https:\/\/www.hurralingo.com\/az\/wp-json\/wp\/v2\/users\/1"}],"replies":[{"embeddable":true,"href":"https:\/\/www.hurralingo.com\/az\/wp-json\/wp\/v2\/comments?post=1439"}],"version-history":[{"count":44,"href":"https:\/\/www.hurralingo.com\/az\/wp-json\/wp\/v2\/pages\/1439\/revisions"}],"predecessor-version":[{"id":5989,"href":"https:\/\/www.hurralingo.com\/az\/wp-json\/wp\/v2\/pages\/1439\/revisions\/5989"}],"wp:attachment":[{"href":"https:\/\/www.hurralingo.com\/az\/wp-json\/wp\/v2\/media?parent=1439"}],"curies":[{"name":"wp","href":"https:\/\/api.w.org\/{rel}","templated":true}]}}