{"id":14,"date":"2020-07-22T09:49:54","date_gmt":"2020-07-22T09:49:54","guid":{"rendered":"https:\/\/demo.cmssuperheroes.com\/themeforest\/kindori\/?page_id=14"},"modified":"2026-03-12T06:41:05","modified_gmt":"2026-03-12T06:41:05","slug":"lessons","status":"publish","type":"page","link":"https:\/\/www.hurralingo.com\/az\/lessons\/","title":{"rendered":"D\u0259rsl\u0259r"},"content":{"rendered":"\t\t<div data-elementor-type=\"wp-page\" data-elementor-id=\"14\" class=\"elementor elementor-14\">\n\t\t\t\t\t\t<section class=\"elementor-section elementor-top-section elementor-element elementor-element-b4851b5 elementor-section-boxed elementor-section-height-default elementor-section-height-default\" data-id=\"b4851b5\" data-element_type=\"section\">\r\n\t\t\t\t\t\t<div class=\"elementor-container elementor-column-gap-default \" >\r\n\t\t\t        <div class=\"elementor-column elementor-col-100 elementor-top-column elementor-element elementor-element-4ef64e6\" data-id=\"4ef64e6\" data-element_type=\"column\">\r\n            <div class=\"elementor-widget-wrap elementor-element-populated\">\r\n                \t\t<div class=\"elementor-element elementor-element-b6a1149 elementor-widget elementor-widget-cms_classes_grid\" data-id=\"b6a1149\" data-element_type=\"widget\" data-widget_type=\"cms_classes_grid.default\">\n\t\t\t\t<div class=\"elementor-widget-container\">\n\t\t\t\t\t\r\n<div id=\"cms_classes_grid-b6a1149\" class=\"cms-grid cms-classes-grid layout1 \" data-layout=\"masonry\" data-start-page=\"1\" data-max-pages=\"1\" data-total=\"3\" data-perpage=\"6\" data-next-link=\"\">\r\n    <div class=\"cms-grid-overlay\"><\/div>\r\n    \r\n    <div class=\"cms-grid-inner cms-grid-masonry row animation-time\" data-gutter=\"15\">\r\n                    <div class=\"grid-sizer col-xl-4 col-lg-4 col-md-6 col-sm-6 col-12\"><\/div>\r\n                                <div class=\"grid-item col-xl-4 col-lg-4 col-md-6 col-sm-6 col-12 \">\r\n                    <div class=\"grid-item-inner\">\r\n                        <div class=\"classes-item\">\r\n                                                            <div class=\"entry-featured image-light-box\">\r\n                                    <img fetchpriority=\"high\" decoding=\"async\" width=\"758\" height=\"598\" src=\"https:\/\/www.hurralingo.com\/az\/wp-content\/uploads\/2025\/10\/Ekran-Resmi-2025-04-18-10.00.16.png\" class=\"attachment-full\" alt=\"\" \/>                                    <a class=\"light-box\" href=\"https:\/\/www.hurralingo.com\/az\/wp-content\/uploads\/2025\/10\/Ekran-Resmi-2025-04-18-10.00.16.png\">+<\/a>\r\n                                <\/div>\r\n                                                        <div class=\"entry-body\">\r\n                                                                    <h3 class=\"entry-title\"><a href=\"https:\/\/www.hurralingo.com\/az\/classes\/bireysel-derslerimiz\/\">F\u0259rdi d\u0259rsl\u0259rimiz<\/a><\/h3>\r\n                                                                                                    <div class=\"entry-content\">\r\n                                        Empower your child with personalized, 1-on-1 attention. Through our immersive, game-based curriculum, students don't just learn a language\u2014they start living it. Watch your child gain&hellip;                                    <\/div>\r\n                                                                <div class=\"entry-meta\">\r\n                                                                                                                                            <\/div>\r\n                            <\/div>\r\n                        <\/div>\r\n                    <\/div>\r\n                <\/div>\r\n                            <div class=\"grid-item col-xl-4 col-lg-4 col-md-6 col-sm-6 col-12 \">\r\n                    <div class=\"grid-item-inner\">\r\n                        <div class=\"classes-item\">\r\n                                                            <div class=\"entry-featured image-light-box\">\r\n                                    <img decoding=\"async\" width=\"750\" height=\"590\" src=\"https:\/\/www.hurralingo.com\/az\/wp-content\/uploads\/2025\/04\/Ekran-Resmi-2025-04-18-10.03.27.png\" class=\"attachment-full\" alt=\"cocuklarpng\" \/>                                    <a class=\"light-box\" href=\"https:\/\/www.hurralingo.com\/az\/wp-content\/uploads\/2025\/04\/Ekran-Resmi-2025-04-18-10.03.27.png\">+<\/a>\r\n                                <\/div>\r\n                                                        <div class=\"entry-body\">\r\n                                                                    <h3 class=\"entry-title\"><a href=\"https:\/\/www.hurralingo.com\/az\/classes\/mini-grup-derslerimiz\/\">Qrup d\u0259rsl\u0259rimiz (Ki\u00e7ik qruplar)<\/a><\/h3>\r\n                                                                                                    <div class=\"entry-content\">\r\n                                        Butik m\u00fchitd\u0259 birg\u0259 \u00f6yr\u0259nm\u0259. 2-d\u0259n 4-\u0259 q\u0259d\u0259r t\u0259l\u0259b\u0259 il\u0259 m\u0259hdudla\u015fd\u0131r\u0131lm\u0131\u015f d\u0259rsl\u0259rd\u0259 \u00f6vlad\u0131n\u0131z h\u0259m sosial qar\u015f\u0131l\u0131ql\u0131 \u0259laq\u0259d\u0259n faydalan\u0131r, h\u0259m d\u0259 m\u00fc\u0259llimin x\u00fcsusi d\u0259st\u0259yini al\u0131r. Ail\u0259nizin s\u0131x&hellip;                                    <\/div>\r\n                                                                <div class=\"entry-meta\">\r\n                                                                                                                                            <\/div>\r\n                            <\/div>\r\n                        <\/div>\r\n                    <\/div>\r\n                <\/div>\r\n                            <div class=\"grid-item col-xl-4 col-lg-4 col-md-6 col-sm-6 col-12 \">\r\n                    <div class=\"grid-item-inner\">\r\n                        <div class=\"classes-item\">\r\n                                                            <div class=\"entry-featured image-light-box\">\r\n                                    <img decoding=\"async\" width=\"750\" height=\"556\" src=\"https:\/\/www.hurralingo.com\/az\/wp-content\/uploads\/2025\/04\/Ekran-Resmi-2025-04-18-10.04.40.png\" class=\"attachment-full\" alt=\"onlinepng\" \/>                                    <a class=\"light-box\" href=\"https:\/\/www.hurralingo.com\/az\/wp-content\/uploads\/2025\/04\/Ekran-Resmi-2025-04-18-10.04.40.png\">+<\/a>\r\n                                <\/div>\r\n                                                        <div class=\"entry-body\">\r\n                                                                    <h3 class=\"entry-title\"><a href=\"https:\/\/www.hurralingo.com\/az\/classes\/grup-derslerimiz\/\">Qrup d\u0259rsl\u0259rimiz<\/a><\/h3>\r\n                                                                                                    <div class=\"entry-content\">\r\n                                        Dinamik v\u0259 sosial bir dil \u00f6yr\u0259nm\u0259 yolu. 5-d\u0259n 8-\u0259 q\u0259d\u0259r t\u0259l\u0259b\u0259d\u0259n ibar\u0259t interaktiv qrup d\u0259rsl\u0259rimiz h\u0259mya\u015f\u0131dlar aras\u0131nda \u00fcnsiyy\u0259t v\u0259 m\u0259\u015fq \u00fc\u00e7\u00fcn canl\u0131 bir m\u00fchit yarad\u0131r.&hellip;                                    <\/div>\r\n                                                                <div class=\"entry-meta\">\r\n                                                                                                                                            <\/div>\r\n                            <\/div>\r\n                        <\/div>\r\n                    <\/div>\r\n                <\/div>\r\n                <\/div>\r\n            <div class=\"cms-grid-pagination\" data-loadmore=\"{&quot;posttype&quot;:&quot;classes&quot;,&quot;startPage&quot;:1,&quot;maxPages&quot;:1,&quot;total&quot;:3,&quot;perpage&quot;:&quot;6&quot;,&quot;nextLink&quot;:&quot;&quot;,&quot;source&quot;:&quot;&quot;,&quot;orderby&quot;:&quot;date&quot;,&quot;order&quot;:&quot;desc&quot;,&quot;limit&quot;:&quot;6&quot;,&quot;post_ids&quot;:&quot;&quot;,&quot;col_xl&quot;:4,&quot;col_lg&quot;:4,&quot;col_md&quot;:6,&quot;col_sm&quot;:6,&quot;col_xs&quot;:12,&quot;thumbnail_size&quot;:&quot;full&quot;,&quot;thumbnail_custom_dimension&quot;:{&quot;width&quot;:&quot;&quot;,&quot;height&quot;:&quot;&quot;},&quot;title_tag&quot;:&quot;h3&quot;,&quot;pagination_type&quot;:&quot;pagination&quot;,&quot;num_words&quot;:25,&quot;button_text&quot;:&quot;Read more&quot;,&quot;show_thumbnail&quot;:&quot;true&quot;,&quot;show_meta&quot;:&quot;&quot;,&quot;show_author&quot;:&quot;&quot;,&quot;show_post_date&quot;:&quot;&quot;,&quot;show_categories&quot;:&quot;true&quot;,&quot;show_title&quot;:&quot;true&quot;,&quot;show_excerpt&quot;:&quot;true&quot;,&quot;show_button&quot;:&quot;true&quot;,&quot;show_price&quot;:&quot;&quot;,&quot;show_age&quot;:&quot;true&quot;,&quot;show_size&quot;:&quot;&quot;,&quot;template_type&quot;:&quot;classes_grid_layout1&quot;,&quot;tax&quot;:[]}\" data-query=\"{&quot;post_type&quot;:&quot;classes&quot;,&quot;post_status&quot;:&quot;publish&quot;,&quot;posts_per_page&quot;:6,&quot;order&quot;:&quot;desc&quot;,&quot;orderby&quot;:&quot;date&quot;,&quot;tax_query&quot;:{&quot;relation&quot;:&quot;OR&quot;},&quot;post__not_in&quot;:[14]}\">\r\n                    <\/div>\r\n        <\/div>\t\t\t\t<\/div>\n\t\t\t\t<\/div>\n\t\t            <\/div>\r\n        <\/div>\r\n        \t\t\t<\/div>\r\n\t\t<\/section>\r\n\t\t\t\t<section class=\"elementor-section elementor-top-section elementor-element elementor-element-1919cc4c elementor-section-content-middle elementor-section-boxed elementor-section-height-default elementor-section-height-default\" data-id=\"1919cc4c\" data-element_type=\"section\">\r\n\t\t\t\t\t\t<div class=\"elementor-container elementor-column-gap-default \" >\r\n\t\t\t        <div class=\"elementor-column elementor-col-50 elementor-top-column elementor-element elementor-element-163eb0eb\" data-id=\"163eb0eb\" data-element_type=\"column\">\r\n            <div class=\"elementor-widget-wrap elementor-element-populated\">\r\n                \t\t<div class=\"elementor-element elementor-element-5e71517a elementor-widget elementor-widget-cms_heading\" data-id=\"5e71517a\" data-element_type=\"widget\" data-widget_type=\"cms_heading.default\">\n\t\t\t\t<div class=\"elementor-widget-container\">\n\t\t\t\t\t<div class=\"cms-heading-wrapper cms-heading-layout1 \">\r\n            <div class=\"custom-subheading\">Hurra L\u0130NGO<\/div>\r\n    \r\n            <h3 class=\"custom-heading\">\r\n            <span                 >\r\n                Oyun \u0259sasl\u0131 d\u0259rsl\u0259r<\/span>\r\n        <\/h3>\r\n        \r\n            <div class=\"custom-heading-description\">\r\n            \u0130mmersiv v\u0259 oyun \u0259sasl\u0131 t\u0259dris proqram\u0131m\u0131z vasit\u0259sil\u0259 Hurra Lingo t\u0259l\u0259b\u0259l\u0259ri t\u0259bii \u015f\u0259kild\u0259 g\u00fccl\u00fc dinl\u0259m\u0259 v\u0259 oxu anlama bacar\u0131qlar\u0131 inki\u015faf etdirirl\u0259r. Oyun vasit\u0259sil\u0259 \u00f6yr\u0259n\u0259r\u0259k h\u0259m dan\u0131\u015f\u0131qda, h\u0259m d\u0259 yaz\u0131da \u00f6zl\u0259rini effektiv ifad\u0259 etm\u0259k \u00fc\u00e7\u00fcn \u00f6z\u00fcn\u0259 inam qazan\u0131r v\u0259 h\u0259qiqi m\u0259d\u0259niyy\u0259tl\u0259raras\u0131 \u0259laq\u0259l\u0259r qururlar.        <\/div>\r\n    <\/div>\t\t\t\t<\/div>\n\t\t\t\t<\/div>\n\t\t            <\/div>\r\n        <\/div>\r\n                <div class=\"elementor-column elementor-col-50 elementor-top-column elementor-element elementor-element-4f51809d\" data-id=\"4f51809d\" data-element_type=\"column\">\r\n            <div class=\"elementor-widget-wrap elementor-element-populated\">\r\n                \t\t<div class=\"elementor-element elementor-element-259f4ec5 elementor-widget elementor-widget-cms_images_gallery\" data-id=\"259f4ec5\" data-element_type=\"widget\" data-widget_type=\"cms_images_gallery.default\">\n\t\t\t\t<div class=\"elementor-widget-container\">\n\t\t\t\t\t    <div id=\"cms_images_gallery-259f4ec5\" class=\"cms-classes-gallery cms-slick-slider \">\r\n        <div class=\"classes-inner\">\r\n            <div class=\"classes-carousel-inner\">\r\n                <div class=\"cms-slick-primary\">\r\n                    <div id=\"append-arrows-cms_images_gallery-259f4ec5\" class=\"append-arrows-custom\"><\/div>\r\n                    <div class=\"cms-slick-carousel\" data-arrows=\"true\" data-dots=\"\" data-pauseOnHover=\"\" data-autoplay=\"true\" data-autoplaySpeed=\"5000\" data-infinite=\"0\" data-speed=\"500\" data-slidesToShow=\"true\" data-slidesToShowTablet=\"true\" data-slidesToShowMobile=\"true\" data-slidesToScroll=\"true\" data-slidesToScrollTablet=\"true\" data-slidesToScrollMobile=\"true\" data-appendArrows=\"#append-arrows-cms_images_gallery-259f4ec5\">\r\n                                                    <div class=\"classes-slick-slide\">\r\n                                                                    <div class=\"classes-image\">\r\n                                        <img loading=\"lazy\" decoding=\"async\" class=\"\" src=\"https:\/\/www.hurralingo.com\/az\/wp-content\/uploads\/2020\/08\/glr-1-872x600.jpg\" width=\"872\" height=\"600\" alt=\"ikicocukoyundajpeg\" title=\"glr-1\" \/>                                    <\/div>\r\n                                                            <\/div>\r\n                                                    <div class=\"classes-slick-slide\">\r\n                                                                    <div class=\"classes-image\">\r\n                                        <img loading=\"lazy\" decoding=\"async\" class=\"\" src=\"https:\/\/www.hurralingo.com\/az\/wp-content\/uploads\/2020\/08\/programs-bg-title-872x600.jpg\" width=\"872\" height=\"600\" alt=\"matematikcocuklar\" title=\"programs-bg-title\" \/>                                    <\/div>\r\n                                                            <\/div>\r\n                                                    <div class=\"classes-slick-slide\">\r\n                                                                    <div class=\"classes-image\">\r\n                                        <img loading=\"lazy\" decoding=\"async\" class=\"\" src=\"https:\/\/www.hurralingo.com\/az\/wp-content\/uploads\/2020\/08\/gallery-5-872x600.jpg\" width=\"872\" height=\"600\" alt=\"elindetopkosank\u0131zcocugu\" title=\"gallery-5\" \/>                                    <\/div>\r\n                                                            <\/div>\r\n                                            <\/div>\r\n                <\/div>\r\n                            <\/div>\r\n        <\/div>\r\n    <\/div>\r\n\t\t\t\t<\/div>\n\t\t\t\t<\/div>\n\t\t            <\/div>\r\n        <\/div>\r\n        \t\t\t<\/div>\r\n\t\t<\/section>\r\n\t\t\t\t<section class=\"elementor-section elementor-top-section elementor-element elementor-element-3a910b8 elementor-section-stretched elementor-section-full_width elementor-section-height-default elementor-section-height-default\" data-id=\"3a910b8\" data-element_type=\"section\" data-settings=\"{&quot;stretch_section&quot;:&quot;section-stretched&quot;,&quot;background_background&quot;:&quot;classic&quot;}\">\r\n\t\t\t\t\t\t<div class=\"elementor-container elementor-column-gap-default \" >\r\n\t\t\t        <div class=\"elementor-column elementor-col-100 elementor-top-column elementor-element elementor-element-ce31613\" data-id=\"ce31613\" data-element_type=\"column\">\r\n            <div class=\"elementor-widget-wrap elementor-element-populated\">\r\n                \t\t<div class=\"elementor-element elementor-element-5cdbfe7 elementor-widget elementor-widget-cms_banner\" data-id=\"5cdbfe7\" data-element_type=\"widget\" data-widget_type=\"cms_banner.default\">\n\t\t\t\t<div class=\"elementor-widget-container\">\n\t\t\t\t\t<div class=\"cms-banner layout1\">\r\n            <div class=\"img-bg wow fadeInLeft\">\r\n            <img loading=\"lazy\" decoding=\"async\" width=\"545\" height=\"165\" src=\"https:\/\/www.hurralingo.com\/az\/wp-content\/uploads\/2020\/08\/bg-bottom.png\" class=\"attachment-full size-full wp-image-593\" alt=\"hayvanlarokulagidiyorpng\" srcset=\"https:\/\/www.hurralingo.com\/az\/wp-content\/uploads\/2020\/08\/bg-bottom.png 545w, https:\/\/www.hurralingo.com\/az\/wp-content\/uploads\/2020\/08\/bg-bottom-300x91.png 300w\" sizes=\"(max-width: 545px) 100vw, 545px\" \/>        <\/div>\r\n    <\/div>\t\t\t\t<\/div>\n\t\t\t\t<\/div>\n\t\t            <\/div>\r\n        <\/div>\r\n        \t\t\t<\/div>\r\n\t\t<\/section>\r\n\t\t\t\t<section class=\"elementor-section elementor-top-section elementor-element elementor-element-e4f5d96 elementor-section-stretched bg-four elementor-section-boxed elementor-section-height-default elementor-section-height-default\" data-id=\"e4f5d96\" data-element_type=\"section\" data-settings=\"{&quot;stretch_section&quot;:&quot;section-stretched&quot;,&quot;background_background&quot;:&quot;classic&quot;}\">\r\n\t\t\t\t\t\t<div class=\"elementor-container elementor-column-gap-default \" >\r\n\t\t\t        <div class=\"elementor-column elementor-col-100 elementor-top-column elementor-element elementor-element-c4df77b\" data-id=\"c4df77b\" data-element_type=\"column\">\r\n            <div class=\"elementor-widget-wrap elementor-element-populated\">\r\n                \t\t<div class=\"elementor-element elementor-element-8d8d63b elementor-widget elementor-widget-cms_cta\" data-id=\"8d8d63b\" data-element_type=\"widget\" data-widget_type=\"cms_cta.default\">\n\t\t\t\t<div class=\"elementor-widget-container\">\n\t\t\t\t\t<div class=\"cms-cta layout1 \">\r\n    <div class=\"inner-cms-cta\">\r\n        <div class=\"col-content\">\r\n                            <h3 class=\"item--title\">\r\n                    Hurra Lingo il\u0259 yeni bir dil \u00f6yr\u0259nm\u0259y\u0259 ba\u015flay\u0131n                <\/h3>\r\n                                <\/div>\r\n                    <div class=\"item--button\">\r\n                <a class=\"btn-cta btn-white hv-extra shadow-off\" href=\"https:\/\/www.hurralingo.app\/signup?lng=en\" target=\"_blank\" rel=\"noopener\">\r\n                    <span>Pulsuz s\u0131na<\/span>\r\n                <\/a>\r\n            <\/div>\r\n            <\/div>\r\n<\/div>\r\n\t\t\t\t<\/div>\n\t\t\t\t<\/div>\n\t\t            <\/div>\r\n        <\/div>\r\n        \t\t\t<\/div>\r\n\t\t<\/section>\r\n\t\t\t\t<section class=\"elementor-section elementor-top-section elementor-element elementor-element-54451434 elementor-section-stretched elementor-section-full_width elementor-section-height-default elementor-section-height-default\" data-id=\"54451434\" data-element_type=\"section\" data-settings=\"{&quot;stretch_section&quot;:&quot;section-stretched&quot;}\">\r\n\t\t\t\t\t\t<div class=\"elementor-container elementor-column-gap-default \" >\r\n\t\t\t        <div class=\"elementor-column elementor-col-50 elementor-top-column elementor-element elementor-element-695c0bc8\" data-id=\"695c0bc8\" data-element_type=\"column\" data-settings=\"{&quot;background_background&quot;:&quot;classic&quot;}\">\r\n            <div class=\"elementor-widget-wrap elementor-element-populated\">\r\n                \t\t<div class=\"elementor-element elementor-element-28508cda elementor-widget elementor-widget-spacer\" data-id=\"28508cda\" data-element_type=\"widget\" data-widget_type=\"spacer.default\">\n\t\t\t\t<div class=\"elementor-widget-container\">\n\t\t\t\t\t\t\t<div class=\"elementor-spacer\">\n\t\t\t<div class=\"elementor-spacer-inner\"><\/div>\n\t\t<\/div>\n\t\t\t\t\t\t<\/div>\n\t\t\t\t<\/div>\n\t\t\t\t<div class=\"elementor-element elementor-element-204011f0 elementor-widget elementor-widget-cms_video_player\" data-id=\"204011f0\" data-element_type=\"widget\" data-widget_type=\"cms_video_player.default\">\n\t\t\t\t<div class=\"elementor-widget-container\">\n\t\t\t\t\t<div class=\"cms-video-player layout5 wow pulse\">\r\n    <div class=\"inner-layout\">\r\n        <div class=\"wp-box-meta\">\r\n                            <a class=\"btn-video\" href=\"https:\/\/www.youtube.com\/watch?v=OphGHPvVxFA\" target=\"_blank\" rel=\"noopener\">\r\n                    <img loading=\"lazy\" decoding=\"async\" width=\"136\" height=\"136\" src=\"https:\/\/www.hurralingo.com\/az\/wp-content\/uploads\/2020\/08\/button-video.png\" class=\"attachment-full size-full wp-image-1129\" alt=\"playtusuiconpng\" srcset=\"https:\/\/www.hurralingo.com\/az\/wp-content\/uploads\/2020\/08\/button-video.png 136w, https:\/\/www.hurralingo.com\/az\/wp-content\/uploads\/2020\/08\/button-video-70x70.png 70w\" sizes=\"(max-width: 136px) 100vw, 136px\" \/>    \r\n                <\/a>\r\n                                <\/div>\r\n    <\/div>\r\n<\/div>\t\t\t\t<\/div>\n\t\t\t\t<\/div>\n\t\t\t\t<div class=\"elementor-element elementor-element-3d595cc elementor-widget elementor-widget-spacer\" data-id=\"3d595cc\" data-element_type=\"widget\" data-widget_type=\"spacer.default\">\n\t\t\t\t<div class=\"elementor-widget-container\">\n\t\t\t\t\t\t\t<div class=\"elementor-spacer\">\n\t\t\t<div class=\"elementor-spacer-inner\"><\/div>\n\t\t<\/div>\n\t\t\t\t\t\t<\/div>\n\t\t\t\t<\/div>\n\t\t            <\/div>\r\n        <\/div>\r\n                <div class=\"elementor-column elementor-col-50 elementor-top-column elementor-element elementor-element-49e36c48\" data-id=\"49e36c48\" data-element_type=\"column\" data-settings=\"{&quot;background_background&quot;:&quot;classic&quot;}\">\r\n            <div class=\"elementor-widget-wrap elementor-element-populated\">\r\n                \t\t<div class=\"elementor-element elementor-element-206e0b36 elementor-widget elementor-widget-spacer\" data-id=\"206e0b36\" data-element_type=\"widget\" data-widget_type=\"spacer.default\">\n\t\t\t\t<div class=\"elementor-widget-container\">\n\t\t\t\t\t\t\t<div class=\"elementor-spacer\">\n\t\t\t<div class=\"elementor-spacer-inner\"><\/div>\n\t\t<\/div>\n\t\t\t\t\t\t<\/div>\n\t\t\t\t<\/div>\n\t\t\t\t<div class=\"elementor-element elementor-element-3796bb1f elementor-widget elementor-widget-cms_heading\" data-id=\"3796bb1f\" data-element_type=\"widget\" data-widget_type=\"cms_heading.default\">\n\t\t\t\t<div class=\"elementor-widget-container\">\n\t\t\t\t\t<div class=\"cms-heading-wrapper cms-heading-layout1 wow pulse\">\r\n    \r\n            <h3 class=\"custom-heading\">\r\n            <span                 >\r\n                Hurra Lingo-da dan\u0131\u015f\u0131q d\u0259rsl\u0259ri<\/span>\r\n        <\/h3>\r\n        \r\n            <div class=\"custom-heading-description\">\r\n            Dan\u0131\u015f\u0131q d\u0259rsl\u0259ri: \u201cU\u015fa\u011f\u0131m n\u0259 vaxt dan\u0131\u015fma\u011fa ba\u015flayacaq?\u201d sual\u0131na son qoyun.        <\/div>\r\n    <\/div>\t\t\t\t<\/div>\n\t\t\t\t<\/div>\n\t\t\t\t<section class=\"elementor-section elementor-inner-section elementor-element elementor-element-401a7c3b elementor-section-boxed elementor-section-height-default elementor-section-height-default\" data-id=\"401a7c3b\" data-element_type=\"section\">\r\n\t\t\t\t\t\t<div class=\"elementor-container elementor-column-gap-default \" >\r\n\t\t\t        <div class=\"elementor-column elementor-col-100 elementor-inner-column elementor-element elementor-element-424c65af\" data-id=\"424c65af\" data-element_type=\"column\">\r\n            <div class=\"elementor-widget-wrap elementor-element-populated\">\r\n                \t\t<div class=\"elementor-element elementor-element-5c6ef776 elementor-widget elementor-widget-cms_list\" data-id=\"5c6ef776\" data-element_type=\"widget\" data-widget_type=\"cms_list.default\">\n\t\t\t\t<div class=\"elementor-widget-container\">\n\t\t\t\t\t    <ul class=\"cms-list style3\">\r\n                    <li class=\"wow flash\">\r\n\t\t\t\t<a >\r\n            \t\tLimitsiz d\u0259rsl\u0259r\u0259 qo\u015fulun            \t<\/a>\r\n           <\/li>\r\n                    <li class=\"wow flash\">\r\n\t\t\t\t<a >\r\n            \t\tSertifikatl\u0131 v\u0259 pe\u015f\u0259kar m\u00fc\u0259lliml\u0259rl\u0259 d\u0259rs ke\u00e7in            \t<\/a>\r\n           <\/li>\r\n                    <li class=\"wow flash\">\r\n\t\t\t\t<a >\r\n            \t\tM\u0259kt\u0259b h\u0259yat\u0131, s\u0259yah\u0259t t\u0259cr\u00fcb\u0259l\u0259ri v\u0259 g\u00fcnd\u0259lik sosial \u00fcnsiyy\u0259t kimi m\u00f6vzularda g\u00fcnd\u0259lik \u00fcnsiyy\u0259t bacar\u0131qlar\u0131n\u0131 inki\u015faf etdirin.            \t<\/a>\r\n           <\/li>\r\n                    <li class=\"wow flash\">\r\n\t\t\t\t<a >\r\n            \t\tCanl\u0131 v\u0259 immersiv dan\u0131\u015f\u0131q d\u0259rsl\u0259rimizd\u0259 aksentinizi v\u0259 t\u0259l\u0259ff\u00fcz\u00fcn\u00fcz\u00fc m\u00fck\u0259mm\u0259ll\u0259\u015fdirin.            \t<\/a>\r\n           <\/li>\r\n            <\/ul>\r\n\t\t\t\t<\/div>\n\t\t\t\t<\/div>\n\t\t            <\/div>\r\n        <\/div>\r\n        \t\t\t<\/div>\r\n\t\t<\/section>\r\n\t\t\t\t<div class=\"elementor-element elementor-element-23962941 elementor-widget elementor-widget-spacer\" data-id=\"23962941\" data-element_type=\"widget\" data-widget_type=\"spacer.default\">\n\t\t\t\t<div class=\"elementor-widget-container\">\n\t\t\t\t\t\t\t<div class=\"elementor-spacer\">\n\t\t\t<div class=\"elementor-spacer-inner\"><\/div>\n\t\t<\/div>\n\t\t\t\t\t\t<\/div>\n\t\t\t\t<\/div>\n\t\t            <\/div>\r\n        <\/div>\r\n        \t\t\t<\/div>\r\n\t\t<\/section>\r\n\t\t\t\t<\/div>\n\t\t","protected":false},"excerpt":{"rendered":"<p>+ F\u0259rdi d\u0259rsl\u0259rimiz Empower your child with personalized, 1-on-1 attention. Through our immersive, game-based curriculum, students don&#8217;t just learn a language\u2014they start living it. Watch your child gain\u2026 + Qrup d\u0259rsl\u0259rimiz (Ki\u00e7ik qruplar) Butik m\u00fchitd\u0259 birg\u0259 \u00f6yr\u0259nm\u0259. 2-d\u0259n 4-\u0259 q\u0259d\u0259r t\u0259l\u0259b\u0259 il\u0259 m\u0259hdudla\u015fd\u0131r\u0131lm\u0131\u015f d\u0259rsl\u0259rd\u0259 \u00f6vlad\u0131n\u0131z h\u0259m sosial qar\u015f\u0131l\u0131ql\u0131 \u0259laq\u0259d\u0259n faydalan\u0131r, h\u0259m d\u0259 m\u00fc\u0259llimin x\u00fcsusi d\u0259st\u0259yini [&hellip;]<\/p>\n","protected":false},"author":1,"featured_media":0,"parent":0,"menu_order":0,"comment_status":"closed","ping_status":"closed","template":"","meta":{"footnotes":""},"class_list":["post-14","page","type-page","status-publish","hentry"],"_links":{"self":[{"href":"https:\/\/www.hurralingo.com\/az\/wp-json\/wp\/v2\/pages\/14","targetHints":{"allow":["GET"]}}],"collection":[{"href":"https:\/\/www.hurralingo.com\/az\/wp-json\/wp\/v2\/pages"}],"about":[{"href":"https:\/\/www.hurralingo.com\/az\/wp-json\/wp\/v2\/types\/page"}],"author":[{"embeddable":true,"href":"https:\/\/www.hurralingo.com\/az\/wp-json\/wp\/v2\/users\/1"}],"replies":[{"embeddable":true,"href":"https:\/\/www.hurralingo.com\/az\/wp-json\/wp\/v2\/comments?post=14"}],"version-history":[{"count":41,"href":"https:\/\/www.hurralingo.com\/az\/wp-json\/wp\/v2\/pages\/14\/revisions"}],"predecessor-version":[{"id":5973,"href":"https:\/\/www.hurralingo.com\/az\/wp-json\/wp\/v2\/pages\/14\/revisions\/5973"}],"wp:attachment":[{"href":"https:\/\/www.hurralingo.com\/az\/wp-json\/wp\/v2\/media?parent=14"}],"curies":[{"name":"wp","href":"https:\/\/api.w.org\/{rel}","templated":true}]}}